{"id":16,"date":"2022-12-13T16:44:52","date_gmt":"2022-12-13T15:44:52","guid":{"rendered":"https:\/\/ongadesco.org\/fr\/?page_id=16"},"modified":"2022-12-15T11:48:25","modified_gmt":"2022-12-15T10:48:25","slug":"activites-realisees","status":"publish","type":"page","link":"https:\/\/ongadesco.org\/fr\/activites-realisees\/","title":{"rendered":"Activit\u00e9s r\u00e9alis\u00e9es"},"content":{"rendered":"<div class=\"pt-cv-wrapper\"><div class=\"pt-cv-view pt-cv-grid pt-cv-colsys\" id=\"pt-cv-view-861e7c0jmy\"><div data-id=\"pt-cv-page-1\" class=\"pt-cv-page\" data-cvc=\"1\"><div class=\"col-md-12 col-sm-12 col-xs-12 pt-cv-content-item pt-cv-2-col\" ><div class='pt-cv-ifield'><a href=\"https:\/\/ongadesco.org\/fr\/adesco-renforce-le-suivi-des-enfants-en-situation-de-rue-et-victimes-de-traite-reinseres-et-soutient-en-kits-alimentaires-les-familles-daccueil-dans-la-region-centrale\/\" class=\"_self pt-cv-href-thumbnail pt-cv-thumb-left\" target=\"_self\" ><img loading=\"lazy\" decoding=\"async\" width=\"150\" height=\"150\" src=\"https:\/\/ongadesco.org\/fr\/wp-content\/uploads\/2026\/04\/IMG_20260415_094153_724d-150x150.jpg\" class=\"pt-cv-thumbnail pull-left\" alt=\"\" \/><\/a>\n<h6 class=\"pt-cv-title\"><a href=\"https:\/\/ongadesco.org\/fr\/adesco-renforce-le-suivi-des-enfants-en-situation-de-rue-et-victimes-de-traite-reinseres-et-soutient-en-kits-alimentaires-les-familles-daccueil-dans-la-region-centrale\/\" class=\"_self\" target=\"_self\" >ADESCO renforce le suivi des enfants en situation de rue et victimes de traite, r\u00e9ins\u00e9r\u00e9s professionnelement et soutient en kits alimentaires les familles d\u2019accueil dans la R\u00e9gion Centrale<\/a><\/h6>\n<div class=\"pt-cv-content\">Dans le cadre de la mise en \u0153uvre du projet \u00ab Renforcement de la protection des enfants et adolescents victimes ...<br \/><a href=\"https:\/\/ongadesco.org\/fr\/adesco-renforce-le-suivi-des-enfants-en-situation-de-rue-et-victimes-de-traite-reinseres-et-soutient-en-kits-alimentaires-les-familles-daccueil-dans-la-region-centrale\/\" class=\"_self pt-cv-readmore btn btn-success\" target=\"_self\">Lire La Suite\u2026<\/a><\/div><\/div><\/div>\n<div class=\"col-md-12 col-sm-12 col-xs-12 pt-cv-content-item pt-cv-2-col\" ><div class='pt-cv-ifield'><a href=\"https:\/\/ongadesco.org\/fr\/visite-de-la-delegation-de-plan-allemagne-un-engagement-renforce-aux-cotes-de-adesco-et-des-communautes-de-la-region-centrale\/\" class=\"_self pt-cv-href-thumbnail pt-cv-thumb-left\" target=\"_self\" ><img loading=\"lazy\" decoding=\"async\" width=\"150\" height=\"150\" src=\"https:\/\/ongadesco.org\/fr\/wp-content\/uploads\/2026\/04\/WhatsApp-Image-2026-04-10-at-15.19.57-150x150.jpeg\" class=\"pt-cv-thumbnail pull-left\" alt=\"\" \/><\/a>\n<h6 class=\"pt-cv-title\"><a href=\"https:\/\/ongadesco.org\/fr\/visite-de-la-delegation-de-plan-allemagne-un-engagement-renforce-aux-cotes-de-adesco-et-des-communautes-de-la-region-centrale\/\" class=\"_self\" target=\"_self\" >Visite de la d\u00e9l\u00e9gation de Plan Allemagne : un engagement renforc\u00e9 aux c\u00f4t\u00e9s de ADESCO et des communaut\u00e9s de la r\u00e9gion centrale<\/a><\/h6>\n<div class=\"pt-cv-content\">Le jeudi 9 avril 2026, ADESCO a eu l\u2019honneur d\u2019accueillir une importante d\u00e9l\u00e9gation de Plan Allemagne, dans le cadre d\u2019une ...<br \/><a href=\"https:\/\/ongadesco.org\/fr\/visite-de-la-delegation-de-plan-allemagne-un-engagement-renforce-aux-cotes-de-adesco-et-des-communautes-de-la-region-centrale\/\" class=\"_self pt-cv-readmore btn btn-success\" target=\"_self\">Lire La Suite\u2026<\/a><\/div><\/div><\/div>\n<div class=\"col-md-12 col-sm-12 col-xs-12 pt-cv-content-item pt-cv-2-col\" ><div class='pt-cv-ifield'><a href=\"https:\/\/ongadesco.org\/fr\/bia-laafia-adesco-aux-cotes-de-crs-pour-assurer-la-durabilite-des-acquis-du-projet\/\" class=\"_self pt-cv-href-thumbnail pt-cv-thumb-left\" target=\"_self\" ><img loading=\"lazy\" decoding=\"async\" width=\"150\" height=\"150\" src=\"https:\/\/ongadesco.org\/fr\/wp-content\/uploads\/2026\/02\/IMG-20260210-WA0166.jpg-150x150.jpeg\" class=\"pt-cv-thumbnail pull-left\" alt=\"\" \/><\/a>\n<h6 class=\"pt-cv-title\"><a href=\"https:\/\/ongadesco.org\/fr\/bia-laafia-adesco-aux-cotes-de-crs-pour-assurer-la-durabilite-des-acquis-du-projet\/\" class=\"_self\" target=\"_self\" >Bia-Laafia : ADESCO aux c\u00f4t\u00e9s de CRS pour assurer la durabilit\u00e9 des acquis du projet<\/a><\/h6>\n<div class=\"pt-cv-content\">Le 10 f\u00e9vrier 2026, ADESCO a pris part, aux c\u00f4t\u00e9s de Catholic Relief Services (CRS), \u00e0 un atelier de partage ...<br \/><a href=\"https:\/\/ongadesco.org\/fr\/bia-laafia-adesco-aux-cotes-de-crs-pour-assurer-la-durabilite-des-acquis-du-projet\/\" class=\"_self pt-cv-readmore btn btn-success\" target=\"_self\">Lire La Suite\u2026<\/a><\/div><\/div><\/div>\n<div class=\"col-md-12 col-sm-12 col-xs-12 pt-cv-content-item pt-cv-2-col\" ><div class='pt-cv-ifield'><a href=\"https:\/\/ongadesco.org\/fr\/projet-rasepet-plan-international-togo-et-adesco-evaluent-lavancement-de-la-mise-en-oeuvre-des-actions-pour-la-petite-enfance\/\" class=\"_self pt-cv-href-thumbnail pt-cv-thumb-left\" target=\"_self\" ><img loading=\"lazy\" decoding=\"async\" width=\"150\" height=\"150\" src=\"https:\/\/ongadesco.org\/fr\/wp-content\/uploads\/2026\/02\/WhatsApp-Image-2026-02-03-at-18.32.27-150x150.jpeg\" class=\"pt-cv-thumbnail pull-left\" alt=\"\" \/><\/a>\n<h6 class=\"pt-cv-title\"><a href=\"https:\/\/ongadesco.org\/fr\/projet-rasepet-plan-international-togo-et-adesco-evaluent-lavancement-de-la-mise-en-oeuvre-des-actions-pour-la-petite-enfance\/\" class=\"_self\" target=\"_self\" >Projet RASEPET : Plan International Togo et ADESCO \u00e9valuent l\u2019avancement de la mise en \u0153uvre des actions pour la petite enfance<\/a><\/h6>\n<div class=\"pt-cv-content\">Dans le soucis d\u2019assurance la qualit\u00e9 des interventions du projet \u00ab\u00a0Renforcement de l\u2019acc\u00e8s aux soins et \u00e0 l\u2019\u00e9ducation des petits ...<br \/><a href=\"https:\/\/ongadesco.org\/fr\/projet-rasepet-plan-international-togo-et-adesco-evaluent-lavancement-de-la-mise-en-oeuvre-des-actions-pour-la-petite-enfance\/\" class=\"_self pt-cv-readmore btn btn-success\" target=\"_self\">Lire La Suite\u2026<\/a><\/div><\/div><\/div>\n<div class=\"col-md-12 col-sm-12 col-xs-12 pt-cv-content-item pt-cv-2-col\" ><div class='pt-cv-ifield'><a href=\"https:\/\/ongadesco.org\/fr\/adesco-organise-son-assemblee-generale-ordinaire-et-renouvelle-ses-instances-dirigeantes\/\" class=\"_self pt-cv-href-thumbnail pt-cv-thumb-left\" target=\"_self\" ><img loading=\"lazy\" decoding=\"async\" width=\"150\" height=\"150\" src=\"https:\/\/ongadesco.org\/fr\/wp-content\/uploads\/2025\/12\/IMG_0741-150x150.jpg\" class=\"pt-cv-thumbnail pull-left\" alt=\"\" \/><\/a>\n<h6 class=\"pt-cv-title\"><a href=\"https:\/\/ongadesco.org\/fr\/adesco-organise-son-assemblee-generale-ordinaire-et-renouvelle-ses-instances-dirigeantes\/\" class=\"_self\" target=\"_self\" >ADESCO organise son Assembl\u00e9e G\u00e9n\u00e9rale Ordinaire et renouvelle ses instances dirigeantes.<\/a><\/h6>\n<div class=\"pt-cv-content\">L\u2019Organisation Appui au D\u00e9veloppement et \u00e0 la Sant\u00e9 Communautaire (ADESCO) a tenu, le samedi 20 d\u00e9cembre 2025, \u00e0 l\u2019H\u00f4tel SOLIM ...<br \/><a href=\"https:\/\/ongadesco.org\/fr\/adesco-organise-son-assemblee-generale-ordinaire-et-renouvelle-ses-instances-dirigeantes\/\" class=\"_self pt-cv-readmore btn btn-success\" target=\"_self\">Lire La Suite\u2026<\/a><\/div><\/div><\/div><\/div><\/div>\n<div class=\" pt-cv-pagination-wrapper\"><ul class=\"pt-cv-pagination pt-cv-ajax pagination\" data-totalpages=\"10\" data-currentpage=\"1\" data-sid=\"861e7c0jmy\" data-unid=\"\"><li class=\"active\"><a href=\"#\">1<\/a><\/li>\n\t<li ><a class=\"\" href=\"https:\/\/ongadesco.org\/fr\/wp-json\/wp\/v2\/pages\/16\/?_page=2\">2<\/a><\/li>\n\t<li ><a class=\"\" href=\"https:\/\/ongadesco.org\/fr\/wp-json\/wp\/v2\/pages\/16\/?_page=3\">3<\/a><\/li>\n\t<li ><a href=\"#\">\u2026<\/a><\/li>\n\t<li ><a class=\"\" href=\"https:\/\/ongadesco.org\/fr\/wp-json\/wp\/v2\/pages\/16\/?_page=10\">10<\/a><\/li>\n\t<li ><a class=\" \" href=\"https:\/\/ongadesco.org\/fr\/wp-json\/wp\/v2\/pages\/16\/?_page=2\">&rsaquo;<\/a><\/li>\n\t<\/ul><img loading=\"lazy\" decoding=\"async\" width=\"15\" height=\"15\" class=\"pt-cv-spinner\" alt=\"Chargement\u2026\" src=\"data:image\/gif;base64,R0lGODlhDwAPALMPAMrKygwMDJOTkz09PZWVla+vr3p6euTk5M7OzuXl5TMzMwAAAJmZmWZmZszMzP\/\/\/yH\/C05FVFNDQVBFMi4wAwEAAAAh+QQFCgAPACwAAAAADwAPAAAEQvDJaZaZOIcV8iQK8VRX4iTYoAwZ4iCYoAjZ4RxejhVNoT+mRGP4cyF4Pp0N98sBGIBMEMOotl6YZ3S61Bmbkm4mAgAh+QQFCgAPACwAAAAADQANAAAENPDJSRSZeA418itN8QiK8BiLITVsFiyBBIoYqnoewAD4xPw9iY4XLGYSjkQR4UAUD45DLwIAIfkEBQoADwAsAAAAAA8ACQAABC\/wyVlamTi3nSdgwFNdhEJgTJoNyoB9ISYoQmdjiZPcj7EYCAeCF1gEDo4Dz2eIAAAh+QQFCgAPACwCAAAADQANAAAEM\/DJBxiYeLKdX3IJZT1FU0iIg2RNKx3OkZVnZ98ToRD4MyiDnkAh6BkNC0MvsAj0kMpHBAAh+QQFCgAPACwGAAAACQAPAAAEMDC59KpFDll73HkAA2wVY5KgiK5b0RRoI6MuzG6EQqCDMlSGheEhUAgqgUUAFRySIgAh+QQFCgAPACwCAAIADQANAAAEM\/DJKZNLND\/kkKaHc3xk+QAMYDKsiaqmZCxGVjSFFCxB1vwy2oOgIDxuucxAMTAJFAJNBAAh+QQFCgAPACwAAAYADwAJAAAEMNAs86q1yaWwwv2Ig0jUZx3OYa4XoRAfwADXoAwfo1+CIjyFRuEho60aSNYlOPxEAAAh+QQFCgAPACwAAAIADQANAAAENPA9s4y8+IUVcqaWJ4qEQozSoAzoIyhCK2NFU2SJk0hNnyEOhKR2AzAAj4Pj4GE4W0bkJQIAOw==\" \/><div class=\"clear pt-cv-clear-pagination\"><\/div><\/div><\/div>\n","protected":false},"excerpt":{"rendered":"","protected":false},"author":1,"featured_media":0,"parent":0,"menu_order":0,"comment_status":"closed","ping_status":"closed","template":"","meta":{"footnotes":""},"class_list":["post-16","page","type-page","status-publish","hentry"],"yoast_head":"<!-- This site is optimized with the Yoast SEO plugin v19.14 - https:\/\/yoast.com\/wordpress\/plugins\/seo\/ -->\n<title>Activit\u00e9s r\u00e9alis\u00e9es - ONG Adesco<\/title>\n<meta name=\"robots\" content=\"index, follow, max-snippet:-1, max-image-preview:large, max-video-preview:-1\" \/>\n<link rel=\"canonical\" href=\"https:\/\/ongadesco.org\/fr\/activites-realisees\/\" \/>\n<meta property=\"og:locale\" content=\"fr_FR\" \/>\n<meta property=\"og:type\" content=\"article\" \/>\n<meta property=\"og:title\" content=\"Activit\u00e9s r\u00e9alis\u00e9es - ONG Adesco\" \/>\n<meta property=\"og:url\" content=\"https:\/\/ongadesco.org\/fr\/activites-realisees\/\" \/>\n<meta property=\"og:site_name\" content=\"ONG Adesco\" \/>\n<meta property=\"article:publisher\" content=\"https:\/\/facebook.com\/adescosantedeveloppement\" \/>\n<meta property=\"article:modified_time\" content=\"2022-12-15T10:48:25+00:00\" \/>\n<meta name=\"twitter:card\" content=\"summary_large_image\" \/>\n<meta name=\"twitter:site\" content=\"@ongadesco\" \/>\n<script type=\"application\/ld+json\" class=\"yoast-schema-graph\">{\"@context\":\"https:\/\/schema.org\",\"@graph\":[{\"@type\":\"WebPage\",\"@id\":\"https:\/\/ongadesco.org\/fr\/activites-realisees\/\",\"url\":\"https:\/\/ongadesco.org\/fr\/activites-realisees\/\",\"name\":\"Activit\u00e9s r\u00e9alis\u00e9es - ONG Adesco\",\"isPartOf\":{\"@id\":\"https:\/\/ongadesco.org\/fr\/#website\"},\"datePublished\":\"2022-12-13T15:44:52+00:00\",\"dateModified\":\"2022-12-15T10:48:25+00:00\",\"breadcrumb\":{\"@id\":\"https:\/\/ongadesco.org\/fr\/activites-realisees\/#breadcrumb\"},\"inLanguage\":\"fr-FR\",\"potentialAction\":[{\"@type\":\"ReadAction\",\"target\":[\"https:\/\/ongadesco.org\/fr\/activites-realisees\/\"]}]},{\"@type\":\"BreadcrumbList\",\"@id\":\"https:\/\/ongadesco.org\/fr\/activites-realisees\/#breadcrumb\",\"itemListElement\":[{\"@type\":\"ListItem\",\"position\":1,\"name\":\"Accueil\",\"item\":\"https:\/\/ongadesco.org\/fr\/\"},{\"@type\":\"ListItem\",\"position\":2,\"name\":\"Activit\u00e9s r\u00e9alis\u00e9es\"}]},{\"@type\":\"WebSite\",\"@id\":\"https:\/\/ongadesco.org\/fr\/#website\",\"url\":\"https:\/\/ongadesco.org\/fr\/\",\"name\":\"ONG Adesco\",\"description\":\"\",\"publisher\":{\"@id\":\"https:\/\/ongadesco.org\/fr\/#organization\"},\"potentialAction\":[{\"@type\":\"SearchAction\",\"target\":{\"@type\":\"EntryPoint\",\"urlTemplate\":\"https:\/\/ongadesco.org\/fr\/?s={search_term_string}\"},\"query-input\":\"required name=search_term_string\"}],\"inLanguage\":\"fr-FR\"},{\"@type\":\"Organization\",\"@id\":\"https:\/\/ongadesco.org\/fr\/#organization\",\"name\":\"ONG Adesco\",\"url\":\"https:\/\/ongadesco.org\/fr\/\",\"logo\":{\"@type\":\"ImageObject\",\"inLanguage\":\"fr-FR\",\"@id\":\"https:\/\/ongadesco.org\/fr\/#\/schema\/logo\/image\/\",\"url\":\"https:\/\/ongadesco.org\/fr\/wp-content\/uploads\/2022\/12\/logo2.png\",\"contentUrl\":\"https:\/\/ongadesco.org\/fr\/wp-content\/uploads\/2022\/12\/logo2.png\",\"width\":134,\"height\":45,\"caption\":\"ONG Adesco\"},\"image\":{\"@id\":\"https:\/\/ongadesco.org\/fr\/#\/schema\/logo\/image\/\"},\"sameAs\":[\"https:\/\/web.whatsapp.com\/\",\"https:\/\/whatsapp.com\/\",\"https:\/\/facebook.com\/adescosantedeveloppement\",\"https:\/\/twitter.com\/ongadesco\"]}]}<\/script>\n<!-- \/ Yoast SEO plugin. -->","yoast_head_json":{"title":"Activit\u00e9s r\u00e9alis\u00e9es - ONG Adesco","robots":{"index":"index","follow":"follow","max-snippet":"max-snippet:-1","max-image-preview":"max-image-preview:large","max-video-preview":"max-video-preview:-1"},"canonical":"https:\/\/ongadesco.org\/fr\/activites-realisees\/","og_locale":"fr_FR","og_type":"article","og_title":"Activit\u00e9s r\u00e9alis\u00e9es - ONG Adesco","og_url":"https:\/\/ongadesco.org\/fr\/activites-realisees\/","og_site_name":"ONG Adesco","article_publisher":"https:\/\/facebook.com\/adescosantedeveloppement","article_modified_time":"2022-12-15T10:48:25+00:00","twitter_card":"summary_large_image","twitter_site":"@ongadesco","schema":{"@context":"https:\/\/schema.org","@graph":[{"@type":"WebPage","@id":"https:\/\/ongadesco.org\/fr\/activites-realisees\/","url":"https:\/\/ongadesco.org\/fr\/activites-realisees\/","name":"Activit\u00e9s r\u00e9alis\u00e9es - ONG Adesco","isPartOf":{"@id":"https:\/\/ongadesco.org\/fr\/#website"},"datePublished":"2022-12-13T15:44:52+00:00","dateModified":"2022-12-15T10:48:25+00:00","breadcrumb":{"@id":"https:\/\/ongadesco.org\/fr\/activites-realisees\/#breadcrumb"},"inLanguage":"fr-FR","potentialAction":[{"@type":"ReadAction","target":["https:\/\/ongadesco.org\/fr\/activites-realisees\/"]}]},{"@type":"BreadcrumbList","@id":"https:\/\/ongadesco.org\/fr\/activites-realisees\/#breadcrumb","itemListElement":[{"@type":"ListItem","position":1,"name":"Accueil","item":"https:\/\/ongadesco.org\/fr\/"},{"@type":"ListItem","position":2,"name":"Activit\u00e9s r\u00e9alis\u00e9es"}]},{"@type":"WebSite","@id":"https:\/\/ongadesco.org\/fr\/#website","url":"https:\/\/ongadesco.org\/fr\/","name":"ONG Adesco","description":"","publisher":{"@id":"https:\/\/ongadesco.org\/fr\/#organization"},"potentialAction":[{"@type":"SearchAction","target":{"@type":"EntryPoint","urlTemplate":"https:\/\/ongadesco.org\/fr\/?s={search_term_string}"},"query-input":"required name=search_term_string"}],"inLanguage":"fr-FR"},{"@type":"Organization","@id":"https:\/\/ongadesco.org\/fr\/#organization","name":"ONG Adesco","url":"https:\/\/ongadesco.org\/fr\/","logo":{"@type":"ImageObject","inLanguage":"fr-FR","@id":"https:\/\/ongadesco.org\/fr\/#\/schema\/logo\/image\/","url":"https:\/\/ongadesco.org\/fr\/wp-content\/uploads\/2022\/12\/logo2.png","contentUrl":"https:\/\/ongadesco.org\/fr\/wp-content\/uploads\/2022\/12\/logo2.png","width":134,"height":45,"caption":"ONG Adesco"},"image":{"@id":"https:\/\/ongadesco.org\/fr\/#\/schema\/logo\/image\/"},"sameAs":["https:\/\/web.whatsapp.com\/","https:\/\/whatsapp.com\/","https:\/\/facebook.com\/adescosantedeveloppement","https:\/\/twitter.com\/ongadesco"]}]}},"_links":{"self":[{"href":"https:\/\/ongadesco.org\/fr\/wp-json\/wp\/v2\/pages\/16","targetHints":{"allow":["GET"]}}],"collection":[{"href":"https:\/\/ongadesco.org\/fr\/wp-json\/wp\/v2\/pages"}],"about":[{"href":"https:\/\/ongadesco.org\/fr\/wp-json\/wp\/v2\/types\/page"}],"author":[{"embeddable":true,"href":"https:\/\/ongadesco.org\/fr\/wp-json\/wp\/v2\/users\/1"}],"replies":[{"embeddable":true,"href":"https:\/\/ongadesco.org\/fr\/wp-json\/wp\/v2\/comments?post=16"}],"version-history":[{"count":2,"href":"https:\/\/ongadesco.org\/fr\/wp-json\/wp\/v2\/pages\/16\/revisions"}],"predecessor-version":[{"id":266,"href":"https:\/\/ongadesco.org\/fr\/wp-json\/wp\/v2\/pages\/16\/revisions\/266"}],"wp:attachment":[{"href":"https:\/\/ongadesco.org\/fr\/wp-json\/wp\/v2\/media?parent=16"}],"curies":[{"name":"wp","href":"https:\/\/api.w.org\/{rel}","templated":true}]}}