{"id":34,"date":"2022-12-13T16:58:07","date_gmt":"2022-12-13T15:58:07","guid":{"rendered":"https:\/\/ongadesco.org\/fr\/?page_id=34"},"modified":"2022-12-13T17:00:01","modified_gmt":"2022-12-13T16:00:01","slug":"travailler-avec-long-adesco","status":"publish","type":"page","link":"https:\/\/ongadesco.org\/fr\/travailler-avec-long-adesco\/","title":{"rendered":"Travailler avec l&rsquo;ONG ADESCO"},"content":{"rendered":"\n<p><strong>Les raisons de soutenir L\u2019ONG ADESCO<\/strong><\/p>\n\n\n\n<ul class=\"wp-block-list\">\n<li>ADESCO a initi\u00e9 depuis sa cr\u00e9ation en 1995 avec l\u2019appui de la GTZ (coop\u00e9ration allemande), une approche de partenariat v\u00e9ritable et durable avec l\u2019Etat Togolais et d\u2019autres PTF, donnant naissance \u00e0 la premi\u00e8re exp\u00e9rience d\u2019Approche Contractuelle dans la R\u00e9gion Centrale \u00e0 travers son CMS \u00ab&nbsp;Bon-Secours&nbsp;\u00bb.<\/li>\n\n\n\n<li>Les cibles prioritaires d\u2019ADESCO sont les enfants, jeunes et femmes. Mais il faut souligner que l\u2019organisation cible \u00e9galement les PVVIH, les professionnels de sexe, les LGBT, les OEV, les personnes handicap\u00e9es, les adultes vuln\u00e9rables.<\/li>\n\n\n\n<li>ADESCO fait la promotion des Droits \u00e0 la Sant\u00e9 Sexuelle et de la Reproduction des adolescents et jeunes de m\u00eame que des Personnes Handicap\u00e9es et de leur r\u00e9insertion professionnelle avec un accent particulier sur les jeunes.<\/li>\n\n\n\n<li>Les actions d\u2019ADESCO sont men\u00e9es dans une strat\u00e9gie rapproch\u00e9e \u00e0 travers les IEC\/CCC\/C4D, la paire-\u00e9ducation, une strat\u00e9gie transversale, la promotion de la gouvernance locale et de la participation citoyenne.<\/li>\n\n\n\n<li>ADESCO m\u00e8ne des actions au niveau local et communautaire pour contribuer aux impacts au niveau r\u00e9gional, national et global.<\/li>\n\n\n\n<li>Un partenariat et une collaboration bas\u00e9s sur une co-production de solutions aux d\u00e9fis de changements des communaut\u00e9s.<\/li>\n\n\n\n<li>Un processus d\u2019apprentissage et de valorisation des exp\u00e9riences et des bonnes pratiques endog\u00e8nes.<\/li>\n\n\n\n<li>Les r\u00e9sultats des activit\u00e9s d\u2019ADESCO sont directement visibles, v\u00e9rifiables et couronn\u00e9s d\u2019un grand impact sur le terrain.<\/li>\n\n\n\n<li>ADESCO a une \u00e9quipe pluridisciplinaire avec pr\u00e8s de 50 volontaires (agents de sant\u00e9 communautaire, volontaires nationaux \u2026) qui \u0153uvre en faveur des populations vuln\u00e9rables en milieu rural et urbain.<\/li>\n\n\n\n<li>Les membres d\u2019ADESCO sont soud\u00e9s et d\u00e9fendent les m\u00eames valeurs&nbsp;: l\u2019\u00e9thique, la promotion du genre, la participation communautaire, la qualit\u00e9 des services, la couverture universelle, l\u2019engagement militant et responsable, la transparence, la justice sociale, l\u2019esprit de cr\u00e9ativit\u00e9 et d\u2019innovation.<\/li>\n\n\n\n<li>ADESCO g\u00e8re de mani\u00e8re efficiente les ressources mobilis\u00e9es qui pour l\u2019essentiel, sont destin\u00e9es directement aux populations b\u00e9n\u00e9ficiaires \u00e0 travers des actions concr\u00e8tes.<\/li>\n<\/ul>\n","protected":false},"excerpt":{"rendered":"<p>Les raisons de soutenir L\u2019ONG ADESCO<\/p>\n","protected":false},"author":1,"featured_media":0,"parent":0,"menu_order":0,"comment_status":"closed","ping_status":"closed","template":"","meta":{"footnotes":""},"class_list":["post-34","page","type-page","status-publish","hentry"],"yoast_head":"<!-- This site is optimized with the Yoast SEO plugin v19.14 - https:\/\/yoast.com\/wordpress\/plugins\/seo\/ -->\n<title>Travailler avec l&#039;ONG ADESCO - ONG Adesco<\/title>\n<meta name=\"robots\" content=\"index, follow, max-snippet:-1, max-image-preview:large, max-video-preview:-1\" \/>\n<link rel=\"canonical\" href=\"https:\/\/ongadesco.org\/fr\/travailler-avec-long-adesco\/\" \/>\n<meta property=\"og:locale\" content=\"fr_FR\" \/>\n<meta property=\"og:type\" content=\"article\" \/>\n<meta property=\"og:title\" content=\"Travailler avec l&#039;ONG ADESCO - ONG Adesco\" \/>\n<meta property=\"og:description\" content=\"Les raisons de soutenir L\u2019ONG ADESCO\" \/>\n<meta property=\"og:url\" content=\"https:\/\/ongadesco.org\/fr\/travailler-avec-long-adesco\/\" \/>\n<meta property=\"og:site_name\" content=\"ONG Adesco\" \/>\n<meta property=\"article:publisher\" content=\"https:\/\/facebook.com\/adescosantedeveloppement\" \/>\n<meta property=\"article:modified_time\" content=\"2022-12-13T16:00:01+00:00\" \/>\n<meta name=\"twitter:card\" content=\"summary_large_image\" \/>\n<meta name=\"twitter:site\" content=\"@ongadesco\" \/>\n<meta name=\"twitter:label1\" content=\"Dur\u00e9e de lecture estim\u00e9e\" \/>\n\t<meta name=\"twitter:data1\" content=\"2 minutes\" \/>\n<script type=\"application\/ld+json\" class=\"yoast-schema-graph\">{\"@context\":\"https:\/\/schema.org\",\"@graph\":[{\"@type\":\"WebPage\",\"@id\":\"https:\/\/ongadesco.org\/fr\/travailler-avec-long-adesco\/\",\"url\":\"https:\/\/ongadesco.org\/fr\/travailler-avec-long-adesco\/\",\"name\":\"Travailler avec l'ONG ADESCO - ONG Adesco\",\"isPartOf\":{\"@id\":\"https:\/\/ongadesco.org\/fr\/#website\"},\"datePublished\":\"2022-12-13T15:58:07+00:00\",\"dateModified\":\"2022-12-13T16:00:01+00:00\",\"breadcrumb\":{\"@id\":\"https:\/\/ongadesco.org\/fr\/travailler-avec-long-adesco\/#breadcrumb\"},\"inLanguage\":\"fr-FR\",\"potentialAction\":[{\"@type\":\"ReadAction\",\"target\":[\"https:\/\/ongadesco.org\/fr\/travailler-avec-long-adesco\/\"]}]},{\"@type\":\"BreadcrumbList\",\"@id\":\"https:\/\/ongadesco.org\/fr\/travailler-avec-long-adesco\/#breadcrumb\",\"itemListElement\":[{\"@type\":\"ListItem\",\"position\":1,\"name\":\"Accueil\",\"item\":\"https:\/\/ongadesco.org\/fr\/\"},{\"@type\":\"ListItem\",\"position\":2,\"name\":\"Travailler avec l&rsquo;ONG ADESCO\"}]},{\"@type\":\"WebSite\",\"@id\":\"https:\/\/ongadesco.org\/fr\/#website\",\"url\":\"https:\/\/ongadesco.org\/fr\/\",\"name\":\"ONG Adesco\",\"description\":\"\",\"publisher\":{\"@id\":\"https:\/\/ongadesco.org\/fr\/#organization\"},\"potentialAction\":[{\"@type\":\"SearchAction\",\"target\":{\"@type\":\"EntryPoint\",\"urlTemplate\":\"https:\/\/ongadesco.org\/fr\/?s={search_term_string}\"},\"query-input\":\"required name=search_term_string\"}],\"inLanguage\":\"fr-FR\"},{\"@type\":\"Organization\",\"@id\":\"https:\/\/ongadesco.org\/fr\/#organization\",\"name\":\"ONG Adesco\",\"url\":\"https:\/\/ongadesco.org\/fr\/\",\"logo\":{\"@type\":\"ImageObject\",\"inLanguage\":\"fr-FR\",\"@id\":\"https:\/\/ongadesco.org\/fr\/#\/schema\/logo\/image\/\",\"url\":\"https:\/\/ongadesco.org\/fr\/wp-content\/uploads\/2022\/12\/logo2.png\",\"contentUrl\":\"https:\/\/ongadesco.org\/fr\/wp-content\/uploads\/2022\/12\/logo2.png\",\"width\":134,\"height\":45,\"caption\":\"ONG Adesco\"},\"image\":{\"@id\":\"https:\/\/ongadesco.org\/fr\/#\/schema\/logo\/image\/\"},\"sameAs\":[\"https:\/\/web.whatsapp.com\/\",\"https:\/\/whatsapp.com\/\",\"https:\/\/facebook.com\/adescosantedeveloppement\",\"https:\/\/twitter.com\/ongadesco\"]}]}<\/script>\n<!-- \/ Yoast SEO plugin. -->","yoast_head_json":{"title":"Travailler avec l'ONG ADESCO - ONG Adesco","robots":{"index":"index","follow":"follow","max-snippet":"max-snippet:-1","max-image-preview":"max-image-preview:large","max-video-preview":"max-video-preview:-1"},"canonical":"https:\/\/ongadesco.org\/fr\/travailler-avec-long-adesco\/","og_locale":"fr_FR","og_type":"article","og_title":"Travailler avec l'ONG ADESCO - ONG Adesco","og_description":"Les raisons de soutenir L\u2019ONG ADESCO","og_url":"https:\/\/ongadesco.org\/fr\/travailler-avec-long-adesco\/","og_site_name":"ONG Adesco","article_publisher":"https:\/\/facebook.com\/adescosantedeveloppement","article_modified_time":"2022-12-13T16:00:01+00:00","twitter_card":"summary_large_image","twitter_site":"@ongadesco","twitter_misc":{"Dur\u00e9e de lecture estim\u00e9e":"2 minutes"},"schema":{"@context":"https:\/\/schema.org","@graph":[{"@type":"WebPage","@id":"https:\/\/ongadesco.org\/fr\/travailler-avec-long-adesco\/","url":"https:\/\/ongadesco.org\/fr\/travailler-avec-long-adesco\/","name":"Travailler avec l'ONG ADESCO - ONG Adesco","isPartOf":{"@id":"https:\/\/ongadesco.org\/fr\/#website"},"datePublished":"2022-12-13T15:58:07+00:00","dateModified":"2022-12-13T16:00:01+00:00","breadcrumb":{"@id":"https:\/\/ongadesco.org\/fr\/travailler-avec-long-adesco\/#breadcrumb"},"inLanguage":"fr-FR","potentialAction":[{"@type":"ReadAction","target":["https:\/\/ongadesco.org\/fr\/travailler-avec-long-adesco\/"]}]},{"@type":"BreadcrumbList","@id":"https:\/\/ongadesco.org\/fr\/travailler-avec-long-adesco\/#breadcrumb","itemListElement":[{"@type":"ListItem","position":1,"name":"Accueil","item":"https:\/\/ongadesco.org\/fr\/"},{"@type":"ListItem","position":2,"name":"Travailler avec l&rsquo;ONG ADESCO"}]},{"@type":"WebSite","@id":"https:\/\/ongadesco.org\/fr\/#website","url":"https:\/\/ongadesco.org\/fr\/","name":"ONG Adesco","description":"","publisher":{"@id":"https:\/\/ongadesco.org\/fr\/#organization"},"potentialAction":[{"@type":"SearchAction","target":{"@type":"EntryPoint","urlTemplate":"https:\/\/ongadesco.org\/fr\/?s={search_term_string}"},"query-input":"required name=search_term_string"}],"inLanguage":"fr-FR"},{"@type":"Organization","@id":"https:\/\/ongadesco.org\/fr\/#organization","name":"ONG Adesco","url":"https:\/\/ongadesco.org\/fr\/","logo":{"@type":"ImageObject","inLanguage":"fr-FR","@id":"https:\/\/ongadesco.org\/fr\/#\/schema\/logo\/image\/","url":"https:\/\/ongadesco.org\/fr\/wp-content\/uploads\/2022\/12\/logo2.png","contentUrl":"https:\/\/ongadesco.org\/fr\/wp-content\/uploads\/2022\/12\/logo2.png","width":134,"height":45,"caption":"ONG Adesco"},"image":{"@id":"https:\/\/ongadesco.org\/fr\/#\/schema\/logo\/image\/"},"sameAs":["https:\/\/web.whatsapp.com\/","https:\/\/whatsapp.com\/","https:\/\/facebook.com\/adescosantedeveloppement","https:\/\/twitter.com\/ongadesco"]}]}},"_links":{"self":[{"href":"https:\/\/ongadesco.org\/fr\/wp-json\/wp\/v2\/pages\/34","targetHints":{"allow":["GET"]}}],"collection":[{"href":"https:\/\/ongadesco.org\/fr\/wp-json\/wp\/v2\/pages"}],"about":[{"href":"https:\/\/ongadesco.org\/fr\/wp-json\/wp\/v2\/types\/page"}],"author":[{"embeddable":true,"href":"https:\/\/ongadesco.org\/fr\/wp-json\/wp\/v2\/users\/1"}],"replies":[{"embeddable":true,"href":"https:\/\/ongadesco.org\/fr\/wp-json\/wp\/v2\/comments?post=34"}],"version-history":[{"count":2,"href":"https:\/\/ongadesco.org\/fr\/wp-json\/wp\/v2\/pages\/34\/revisions"}],"predecessor-version":[{"id":43,"href":"https:\/\/ongadesco.org\/fr\/wp-json\/wp\/v2\/pages\/34\/revisions\/43"}],"wp:attachment":[{"href":"https:\/\/ongadesco.org\/fr\/wp-json\/wp\/v2\/media?parent=34"}],"curies":[{"name":"wp","href":"https:\/\/api.w.org\/{rel}","templated":true}]}}