{"id":61,"date":"2022-12-13T17:32:40","date_gmt":"2022-12-13T16:32:40","guid":{"rendered":"https:\/\/ongadesco.org\/fr\/?page_id=61"},"modified":"2025-12-16T22:35:31","modified_gmt":"2025-12-16T21:35:31","slug":"vison-mission-valeurs-et-principes-partages","status":"publish","type":"page","link":"https:\/\/ongadesco.org\/fr\/vison-mission-valeurs-et-principes-partages\/","title":{"rendered":"Vison, mission, valeurs et principes partag\u00e9s"},"content":{"rendered":"\n<div class=\"wp-block-media-text is-stacked-on-mobile\"><figure class=\"wp-block-media-text__media\"><img loading=\"lazy\" decoding=\"async\" width=\"229\" height=\"220\" src=\"https:\/\/ongadesco.org\/fr\/wp-content\/uploads\/2025\/12\/notre-vision.jpg\" alt=\"\" class=\"wp-image-1050 size-full\"\/><\/figure><div class=\"wp-block-media-text__content\">\n<p><br><strong>NOTRE VISION<\/strong><\/p>\n\n\n\n<p><br>L\u2019ONG ADESCO a pour vision de contribuer \u00e0 assoir \u00ab Une soci\u00e9t\u00e9 dans laquelle toutes les personnes sans distinction notamment d\u2019\u00e2ge, de sexe, d\u2019identit\u00e9 et de religion, jouissent de leurs droits \u00e0 la sant\u00e9 pour un d\u00e9veloppement humain int\u00e9gral et durable \u00bb.<\/p>\n<\/div><\/div>\n\n\n\n<div class=\"wp-block-media-text is-stacked-on-mobile\"><figure class=\"wp-block-media-text__media\"><img loading=\"lazy\" decoding=\"async\" width=\"201\" height=\"156\" src=\"https:\/\/ongadesco.org\/fr\/wp-content\/uploads\/2025\/12\/mission.png\" alt=\"\" class=\"wp-image-1047 size-full\"\/><\/figure><div class=\"wp-block-media-text__content\">\n<p><strong>NOTRE\u00a0 MISSION<\/strong><br>La mission de l\u2019ONG ADESCO est \u00abd\u2019\u0153uvrer en collaboration avec les ayant-droits, les d\u00e9tenteurs d\u2019obligations et les donateurs pour garantir la jouissance des droits.<\/p>\n<\/div><\/div>\n\n\n\n<div class=\"wp-block-media-text is-stacked-on-mobile\"><figure class=\"wp-block-media-text__media\"><img loading=\"lazy\" decoding=\"async\" width=\"229\" height=\"220\" src=\"https:\/\/ongadesco.org\/fr\/wp-content\/uploads\/2025\/12\/novaleur.jpg\" alt=\"\" class=\"wp-image-1049 size-full\"\/><\/figure><div class=\"wp-block-media-text__content\">\n<p><br><strong>NOS VALEURS\u00a0<\/strong><\/p>\n\n\n\n<p>Quatre principales valeurs d\u00e9terminent le travail de l\u2019ONG ADESCO&nbsp;:<\/p>\n\n\n\n<ul class=\"wp-block-list\">\n<li>Justice sociale,<\/li>\n\n\n\n<li>Innovation,<\/li>\n\n\n\n<li>Engagement responsable,<\/li>\n\n\n\n<li>Redevabilit\u00e9.<\/li>\n<\/ul>\n<\/div><\/div>\n","protected":false},"excerpt":{"rendered":"<p>NOTRE VISION L\u2019ONG ADESCO a pour vision de contribuer \u00e0 assoir \u00ab Une soci\u00e9t\u00e9 dans laquelle toutes les personnes sans distinction notamment d\u2019\u00e2ge, de sexe, d\u2019identit\u00e9 et de religion, jouissent de leurs droits \u00e0 la sant\u00e9 pour un d\u00e9veloppement humain int\u00e9gral et durable \u00bb. NOTRE\u00a0 MISSIONLa mission de l\u2019ONG ADESCO est \u00abd\u2019\u0153uvrer en collaboration avec [&hellip;]<\/p>\n","protected":false},"author":1,"featured_media":0,"parent":0,"menu_order":0,"comment_status":"closed","ping_status":"closed","template":"","meta":{"footnotes":""},"class_list":["post-61","page","type-page","status-publish","hentry"],"yoast_head":"<!-- This site is optimized with the Yoast SEO plugin v19.14 - https:\/\/yoast.com\/wordpress\/plugins\/seo\/ -->\n<title>Vison, mission, valeurs et principes partag\u00e9s - ONG Adesco<\/title>\n<meta name=\"robots\" content=\"index, follow, max-snippet:-1, max-image-preview:large, max-video-preview:-1\" \/>\n<link rel=\"canonical\" href=\"https:\/\/ongadesco.org\/fr\/vison-mission-valeurs-et-principes-partages\/\" \/>\n<meta property=\"og:locale\" content=\"fr_FR\" \/>\n<meta property=\"og:type\" content=\"article\" \/>\n<meta property=\"og:title\" content=\"Vison, mission, valeurs et principes partag\u00e9s - ONG Adesco\" \/>\n<meta property=\"og:description\" content=\"NOTRE VISION L\u2019ONG ADESCO a pour vision de contribuer \u00e0 assoir \u00ab Une soci\u00e9t\u00e9 dans laquelle toutes les personnes sans distinction notamment d\u2019\u00e2ge, de sexe, d\u2019identit\u00e9 et de religion, jouissent de leurs droits \u00e0 la sant\u00e9 pour un d\u00e9veloppement humain int\u00e9gral et durable \u00bb. NOTRE\u00a0 MISSIONLa mission de l\u2019ONG ADESCO est \u00abd\u2019\u0153uvrer en collaboration avec [&hellip;]\" \/>\n<meta property=\"og:url\" content=\"https:\/\/ongadesco.org\/fr\/vison-mission-valeurs-et-principes-partages\/\" \/>\n<meta property=\"og:site_name\" content=\"ONG Adesco\" \/>\n<meta property=\"article:publisher\" content=\"https:\/\/facebook.com\/adescosantedeveloppement\" \/>\n<meta property=\"article:modified_time\" content=\"2025-12-16T21:35:31+00:00\" \/>\n<meta property=\"og:image\" content=\"https:\/\/ongadesco.org\/fr\/wp-content\/uploads\/2025\/12\/notre-vision.jpg\" \/>\n<meta name=\"twitter:card\" content=\"summary_large_image\" \/>\n<meta name=\"twitter:site\" content=\"@ongadesco\" \/>\n<meta name=\"twitter:label1\" content=\"Dur\u00e9e de lecture estim\u00e9e\" \/>\n\t<meta name=\"twitter:data1\" content=\"2 minutes\" \/>\n<script type=\"application\/ld+json\" class=\"yoast-schema-graph\">{\"@context\":\"https:\/\/schema.org\",\"@graph\":[{\"@type\":\"WebPage\",\"@id\":\"https:\/\/ongadesco.org\/fr\/vison-mission-valeurs-et-principes-partages\/\",\"url\":\"https:\/\/ongadesco.org\/fr\/vison-mission-valeurs-et-principes-partages\/\",\"name\":\"Vison, mission, valeurs et principes partag\u00e9s - ONG Adesco\",\"isPartOf\":{\"@id\":\"https:\/\/ongadesco.org\/fr\/#website\"},\"datePublished\":\"2022-12-13T16:32:40+00:00\",\"dateModified\":\"2025-12-16T21:35:31+00:00\",\"breadcrumb\":{\"@id\":\"https:\/\/ongadesco.org\/fr\/vison-mission-valeurs-et-principes-partages\/#breadcrumb\"},\"inLanguage\":\"fr-FR\",\"potentialAction\":[{\"@type\":\"ReadAction\",\"target\":[\"https:\/\/ongadesco.org\/fr\/vison-mission-valeurs-et-principes-partages\/\"]}]},{\"@type\":\"BreadcrumbList\",\"@id\":\"https:\/\/ongadesco.org\/fr\/vison-mission-valeurs-et-principes-partages\/#breadcrumb\",\"itemListElement\":[{\"@type\":\"ListItem\",\"position\":1,\"name\":\"Accueil\",\"item\":\"https:\/\/ongadesco.org\/fr\/\"},{\"@type\":\"ListItem\",\"position\":2,\"name\":\"Vison, mission, valeurs et principes partag\u00e9s\"}]},{\"@type\":\"WebSite\",\"@id\":\"https:\/\/ongadesco.org\/fr\/#website\",\"url\":\"https:\/\/ongadesco.org\/fr\/\",\"name\":\"ONG Adesco\",\"description\":\"\",\"publisher\":{\"@id\":\"https:\/\/ongadesco.org\/fr\/#organization\"},\"potentialAction\":[{\"@type\":\"SearchAction\",\"target\":{\"@type\":\"EntryPoint\",\"urlTemplate\":\"https:\/\/ongadesco.org\/fr\/?s={search_term_string}\"},\"query-input\":\"required name=search_term_string\"}],\"inLanguage\":\"fr-FR\"},{\"@type\":\"Organization\",\"@id\":\"https:\/\/ongadesco.org\/fr\/#organization\",\"name\":\"ONG Adesco\",\"url\":\"https:\/\/ongadesco.org\/fr\/\",\"logo\":{\"@type\":\"ImageObject\",\"inLanguage\":\"fr-FR\",\"@id\":\"https:\/\/ongadesco.org\/fr\/#\/schema\/logo\/image\/\",\"url\":\"https:\/\/ongadesco.org\/fr\/wp-content\/uploads\/2022\/12\/logo2.png\",\"contentUrl\":\"https:\/\/ongadesco.org\/fr\/wp-content\/uploads\/2022\/12\/logo2.png\",\"width\":134,\"height\":45,\"caption\":\"ONG Adesco\"},\"image\":{\"@id\":\"https:\/\/ongadesco.org\/fr\/#\/schema\/logo\/image\/\"},\"sameAs\":[\"https:\/\/web.whatsapp.com\/\",\"https:\/\/whatsapp.com\/\",\"https:\/\/facebook.com\/adescosantedeveloppement\",\"https:\/\/twitter.com\/ongadesco\"]}]}<\/script>\n<!-- \/ Yoast SEO plugin. -->","yoast_head_json":{"title":"Vison, mission, valeurs et principes partag\u00e9s - ONG Adesco","robots":{"index":"index","follow":"follow","max-snippet":"max-snippet:-1","max-image-preview":"max-image-preview:large","max-video-preview":"max-video-preview:-1"},"canonical":"https:\/\/ongadesco.org\/fr\/vison-mission-valeurs-et-principes-partages\/","og_locale":"fr_FR","og_type":"article","og_title":"Vison, mission, valeurs et principes partag\u00e9s - ONG Adesco","og_description":"NOTRE VISION L\u2019ONG ADESCO a pour vision de contribuer \u00e0 assoir \u00ab Une soci\u00e9t\u00e9 dans laquelle toutes les personnes sans distinction notamment d\u2019\u00e2ge, de sexe, d\u2019identit\u00e9 et de religion, jouissent de leurs droits \u00e0 la sant\u00e9 pour un d\u00e9veloppement humain int\u00e9gral et durable \u00bb. NOTRE\u00a0 MISSIONLa mission de l\u2019ONG ADESCO est \u00abd\u2019\u0153uvrer en collaboration avec [&hellip;]","og_url":"https:\/\/ongadesco.org\/fr\/vison-mission-valeurs-et-principes-partages\/","og_site_name":"ONG Adesco","article_publisher":"https:\/\/facebook.com\/adescosantedeveloppement","article_modified_time":"2025-12-16T21:35:31+00:00","og_image":[{"url":"https:\/\/ongadesco.org\/fr\/wp-content\/uploads\/2025\/12\/notre-vision.jpg"}],"twitter_card":"summary_large_image","twitter_site":"@ongadesco","twitter_misc":{"Dur\u00e9e de lecture estim\u00e9e":"2 minutes"},"schema":{"@context":"https:\/\/schema.org","@graph":[{"@type":"WebPage","@id":"https:\/\/ongadesco.org\/fr\/vison-mission-valeurs-et-principes-partages\/","url":"https:\/\/ongadesco.org\/fr\/vison-mission-valeurs-et-principes-partages\/","name":"Vison, mission, valeurs et principes partag\u00e9s - ONG Adesco","isPartOf":{"@id":"https:\/\/ongadesco.org\/fr\/#website"},"datePublished":"2022-12-13T16:32:40+00:00","dateModified":"2025-12-16T21:35:31+00:00","breadcrumb":{"@id":"https:\/\/ongadesco.org\/fr\/vison-mission-valeurs-et-principes-partages\/#breadcrumb"},"inLanguage":"fr-FR","potentialAction":[{"@type":"ReadAction","target":["https:\/\/ongadesco.org\/fr\/vison-mission-valeurs-et-principes-partages\/"]}]},{"@type":"BreadcrumbList","@id":"https:\/\/ongadesco.org\/fr\/vison-mission-valeurs-et-principes-partages\/#breadcrumb","itemListElement":[{"@type":"ListItem","position":1,"name":"Accueil","item":"https:\/\/ongadesco.org\/fr\/"},{"@type":"ListItem","position":2,"name":"Vison, mission, valeurs et principes partag\u00e9s"}]},{"@type":"WebSite","@id":"https:\/\/ongadesco.org\/fr\/#website","url":"https:\/\/ongadesco.org\/fr\/","name":"ONG Adesco","description":"","publisher":{"@id":"https:\/\/ongadesco.org\/fr\/#organization"},"potentialAction":[{"@type":"SearchAction","target":{"@type":"EntryPoint","urlTemplate":"https:\/\/ongadesco.org\/fr\/?s={search_term_string}"},"query-input":"required name=search_term_string"}],"inLanguage":"fr-FR"},{"@type":"Organization","@id":"https:\/\/ongadesco.org\/fr\/#organization","name":"ONG Adesco","url":"https:\/\/ongadesco.org\/fr\/","logo":{"@type":"ImageObject","inLanguage":"fr-FR","@id":"https:\/\/ongadesco.org\/fr\/#\/schema\/logo\/image\/","url":"https:\/\/ongadesco.org\/fr\/wp-content\/uploads\/2022\/12\/logo2.png","contentUrl":"https:\/\/ongadesco.org\/fr\/wp-content\/uploads\/2022\/12\/logo2.png","width":134,"height":45,"caption":"ONG Adesco"},"image":{"@id":"https:\/\/ongadesco.org\/fr\/#\/schema\/logo\/image\/"},"sameAs":["https:\/\/web.whatsapp.com\/","https:\/\/whatsapp.com\/","https:\/\/facebook.com\/adescosantedeveloppement","https:\/\/twitter.com\/ongadesco"]}]}},"_links":{"self":[{"href":"https:\/\/ongadesco.org\/fr\/wp-json\/wp\/v2\/pages\/61","targetHints":{"allow":["GET"]}}],"collection":[{"href":"https:\/\/ongadesco.org\/fr\/wp-json\/wp\/v2\/pages"}],"about":[{"href":"https:\/\/ongadesco.org\/fr\/wp-json\/wp\/v2\/types\/page"}],"author":[{"embeddable":true,"href":"https:\/\/ongadesco.org\/fr\/wp-json\/wp\/v2\/users\/1"}],"replies":[{"embeddable":true,"href":"https:\/\/ongadesco.org\/fr\/wp-json\/wp\/v2\/comments?post=61"}],"version-history":[{"count":8,"href":"https:\/\/ongadesco.org\/fr\/wp-json\/wp\/v2\/pages\/61\/revisions"}],"predecessor-version":[{"id":1051,"href":"https:\/\/ongadesco.org\/fr\/wp-json\/wp\/v2\/pages\/61\/revisions\/1051"}],"wp:attachment":[{"href":"https:\/\/ongadesco.org\/fr\/wp-json\/wp\/v2\/media?parent=61"}],"curies":[{"name":"wp","href":"https:\/\/api.w.org\/{rel}","templated":true}]}}