{"id":63,"date":"2022-12-13T17:32:57","date_gmt":"2022-12-13T16:32:57","guid":{"rendered":"https:\/\/ongadesco.org\/fr\/?page_id=63"},"modified":"2022-12-15T14:34:15","modified_gmt":"2022-12-15T13:34:15","slug":"approches-dintervention","status":"publish","type":"page","link":"https:\/\/ongadesco.org\/fr\/approches-dintervention\/","title":{"rendered":"Approches d&rsquo;intervention"},"content":{"rendered":"\n<p><strong><em>Une programmation plus pragmatique et une gestion ax\u00e9e sur les r\u00e9sultats :<\/em><\/strong> une intervention bas\u00e9e sur la pertinence, l\u2019efficacit\u00e9 et l\u2019efficience des projets\/programmes de sorte \u00e0 favoriser le d\u00e9veloppement durable.<\/p>\n\n\n\n<p><strong><em>Une envergure nationale et une transformation communautaire&nbsp;: <\/em><\/strong>des actions sur l\u2019\u00e9tendue du territoire en promouvant les interventions \u00e0 haut impact qui contribuent \u00e0 transformer positivement les normes sociales, les perceptions et croyances n\u00e9gatives sur les r\u00f4les, valeurs et relations des femmes et des hommes, des filles et des gar\u00e7ons et des personnes\/enfants handicap\u00e9s.<\/p>\n\n\n\n<p><strong><em>Un partenariat et une collaboration plus attractifs qui s\u2019inscrivent dans une th\u00e9orie de changement&nbsp;: <\/em><\/strong>aucune organisation ne peut \u00e0 elle seule op\u00e9rer la transformation sociale profonde des communaut\u00e9s. Chaque organisation joue un r\u00f4le unique et contribue collectivement \u00e0 atteindre l\u2019objectif g\u00e9n\u00e9ral. La mobilisation et la gestion des fonds s\u2019adapteront \u00e0 nos nouvelles r\u00e9alit\u00e9s en rapprochant les aspirations des PTF de nos ambitions pour les couches sociales vuln\u00e9rables en particulier les femmes et les enfants, les personnes handicap\u00e9es et les groupes minoritaires afin d\u2019optimiser nos impacts.<\/p>\n\n\n\n<p><strong><em>Un processus d\u2019apprentissage et de valorisation des exp\u00e9riences et des bonnes pratiques&nbsp;: <\/em><\/strong>une capitalisation ax\u00e9e sur le recueil, la diffusion et l\u2019exploitation des enseignements tir\u00e9s des exp\u00e9riences et valeur ajout\u00e9e des diff\u00e9rentes interventions qui permettront le renforcement de la visibilit\u00e9 de l\u2019organisation.<\/p>\n","protected":false},"excerpt":{"rendered":"<p>Une programmation plus pragmatique et une gestion ax\u00e9e sur les r\u00e9sultats : une intervention bas\u00e9e sur la pertinence, l\u2019efficacit\u00e9 et l\u2019efficience des projets\/programmes de sorte \u00e0 favoriser le d\u00e9veloppement durable. Une envergure nationale et une transformation communautaire&nbsp;: des actions sur l\u2019\u00e9tendue du territoire en promouvant les interventions \u00e0 haut impact qui contribuent \u00e0 transformer positivement [&hellip;]<\/p>\n","protected":false},"author":1,"featured_media":0,"parent":0,"menu_order":0,"comment_status":"closed","ping_status":"closed","template":"","meta":{"footnotes":""},"class_list":["post-63","page","type-page","status-publish","hentry"],"yoast_head":"<!-- This site is optimized with the Yoast SEO plugin v19.14 - https:\/\/yoast.com\/wordpress\/plugins\/seo\/ -->\n<title>Approches d&#039;intervention - ONG Adesco<\/title>\n<meta name=\"robots\" content=\"index, follow, max-snippet:-1, max-image-preview:large, max-video-preview:-1\" \/>\n<link rel=\"canonical\" href=\"https:\/\/ongadesco.org\/fr\/approches-dintervention\/\" \/>\n<meta property=\"og:locale\" content=\"fr_FR\" \/>\n<meta property=\"og:type\" content=\"article\" \/>\n<meta property=\"og:title\" content=\"Approches d&#039;intervention - ONG Adesco\" \/>\n<meta property=\"og:description\" content=\"Une programmation plus pragmatique et une gestion ax\u00e9e sur les r\u00e9sultats : une intervention bas\u00e9e sur la pertinence, l\u2019efficacit\u00e9 et l\u2019efficience des projets\/programmes de sorte \u00e0 favoriser le d\u00e9veloppement durable. Une envergure nationale et une transformation communautaire&nbsp;: des actions sur l\u2019\u00e9tendue du territoire en promouvant les interventions \u00e0 haut impact qui contribuent \u00e0 transformer positivement [&hellip;]\" \/>\n<meta property=\"og:url\" content=\"https:\/\/ongadesco.org\/fr\/approches-dintervention\/\" \/>\n<meta property=\"og:site_name\" content=\"ONG Adesco\" \/>\n<meta property=\"article:publisher\" content=\"https:\/\/facebook.com\/adescosantedeveloppement\" \/>\n<meta property=\"article:modified_time\" content=\"2022-12-15T13:34:15+00:00\" \/>\n<meta name=\"twitter:card\" content=\"summary_large_image\" \/>\n<meta name=\"twitter:site\" content=\"@ongadesco\" \/>\n<meta name=\"twitter:label1\" content=\"Dur\u00e9e de lecture estim\u00e9e\" \/>\n\t<meta name=\"twitter:data1\" content=\"1 minute\" \/>\n<script type=\"application\/ld+json\" class=\"yoast-schema-graph\">{\"@context\":\"https:\/\/schema.org\",\"@graph\":[{\"@type\":\"WebPage\",\"@id\":\"https:\/\/ongadesco.org\/fr\/approches-dintervention\/\",\"url\":\"https:\/\/ongadesco.org\/fr\/approches-dintervention\/\",\"name\":\"Approches d'intervention - ONG Adesco\",\"isPartOf\":{\"@id\":\"https:\/\/ongadesco.org\/fr\/#website\"},\"datePublished\":\"2022-12-13T16:32:57+00:00\",\"dateModified\":\"2022-12-15T13:34:15+00:00\",\"breadcrumb\":{\"@id\":\"https:\/\/ongadesco.org\/fr\/approches-dintervention\/#breadcrumb\"},\"inLanguage\":\"fr-FR\",\"potentialAction\":[{\"@type\":\"ReadAction\",\"target\":[\"https:\/\/ongadesco.org\/fr\/approches-dintervention\/\"]}]},{\"@type\":\"BreadcrumbList\",\"@id\":\"https:\/\/ongadesco.org\/fr\/approches-dintervention\/#breadcrumb\",\"itemListElement\":[{\"@type\":\"ListItem\",\"position\":1,\"name\":\"Accueil\",\"item\":\"https:\/\/ongadesco.org\/fr\/\"},{\"@type\":\"ListItem\",\"position\":2,\"name\":\"Approches d&rsquo;intervention\"}]},{\"@type\":\"WebSite\",\"@id\":\"https:\/\/ongadesco.org\/fr\/#website\",\"url\":\"https:\/\/ongadesco.org\/fr\/\",\"name\":\"ONG Adesco\",\"description\":\"\",\"publisher\":{\"@id\":\"https:\/\/ongadesco.org\/fr\/#organization\"},\"potentialAction\":[{\"@type\":\"SearchAction\",\"target\":{\"@type\":\"EntryPoint\",\"urlTemplate\":\"https:\/\/ongadesco.org\/fr\/?s={search_term_string}\"},\"query-input\":\"required name=search_term_string\"}],\"inLanguage\":\"fr-FR\"},{\"@type\":\"Organization\",\"@id\":\"https:\/\/ongadesco.org\/fr\/#organization\",\"name\":\"ONG Adesco\",\"url\":\"https:\/\/ongadesco.org\/fr\/\",\"logo\":{\"@type\":\"ImageObject\",\"inLanguage\":\"fr-FR\",\"@id\":\"https:\/\/ongadesco.org\/fr\/#\/schema\/logo\/image\/\",\"url\":\"https:\/\/ongadesco.org\/fr\/wp-content\/uploads\/2022\/12\/logo2.png\",\"contentUrl\":\"https:\/\/ongadesco.org\/fr\/wp-content\/uploads\/2022\/12\/logo2.png\",\"width\":134,\"height\":45,\"caption\":\"ONG Adesco\"},\"image\":{\"@id\":\"https:\/\/ongadesco.org\/fr\/#\/schema\/logo\/image\/\"},\"sameAs\":[\"https:\/\/web.whatsapp.com\/\",\"https:\/\/whatsapp.com\/\",\"https:\/\/facebook.com\/adescosantedeveloppement\",\"https:\/\/twitter.com\/ongadesco\"]}]}<\/script>\n<!-- \/ Yoast SEO plugin. -->","yoast_head_json":{"title":"Approches d'intervention - ONG Adesco","robots":{"index":"index","follow":"follow","max-snippet":"max-snippet:-1","max-image-preview":"max-image-preview:large","max-video-preview":"max-video-preview:-1"},"canonical":"https:\/\/ongadesco.org\/fr\/approches-dintervention\/","og_locale":"fr_FR","og_type":"article","og_title":"Approches d'intervention - ONG Adesco","og_description":"Une programmation plus pragmatique et une gestion ax\u00e9e sur les r\u00e9sultats : une intervention bas\u00e9e sur la pertinence, l\u2019efficacit\u00e9 et l\u2019efficience des projets\/programmes de sorte \u00e0 favoriser le d\u00e9veloppement durable. Une envergure nationale et une transformation communautaire&nbsp;: des actions sur l\u2019\u00e9tendue du territoire en promouvant les interventions \u00e0 haut impact qui contribuent \u00e0 transformer positivement [&hellip;]","og_url":"https:\/\/ongadesco.org\/fr\/approches-dintervention\/","og_site_name":"ONG Adesco","article_publisher":"https:\/\/facebook.com\/adescosantedeveloppement","article_modified_time":"2022-12-15T13:34:15+00:00","twitter_card":"summary_large_image","twitter_site":"@ongadesco","twitter_misc":{"Dur\u00e9e de lecture estim\u00e9e":"1 minute"},"schema":{"@context":"https:\/\/schema.org","@graph":[{"@type":"WebPage","@id":"https:\/\/ongadesco.org\/fr\/approches-dintervention\/","url":"https:\/\/ongadesco.org\/fr\/approches-dintervention\/","name":"Approches d'intervention - ONG Adesco","isPartOf":{"@id":"https:\/\/ongadesco.org\/fr\/#website"},"datePublished":"2022-12-13T16:32:57+00:00","dateModified":"2022-12-15T13:34:15+00:00","breadcrumb":{"@id":"https:\/\/ongadesco.org\/fr\/approches-dintervention\/#breadcrumb"},"inLanguage":"fr-FR","potentialAction":[{"@type":"ReadAction","target":["https:\/\/ongadesco.org\/fr\/approches-dintervention\/"]}]},{"@type":"BreadcrumbList","@id":"https:\/\/ongadesco.org\/fr\/approches-dintervention\/#breadcrumb","itemListElement":[{"@type":"ListItem","position":1,"name":"Accueil","item":"https:\/\/ongadesco.org\/fr\/"},{"@type":"ListItem","position":2,"name":"Approches d&rsquo;intervention"}]},{"@type":"WebSite","@id":"https:\/\/ongadesco.org\/fr\/#website","url":"https:\/\/ongadesco.org\/fr\/","name":"ONG Adesco","description":"","publisher":{"@id":"https:\/\/ongadesco.org\/fr\/#organization"},"potentialAction":[{"@type":"SearchAction","target":{"@type":"EntryPoint","urlTemplate":"https:\/\/ongadesco.org\/fr\/?s={search_term_string}"},"query-input":"required name=search_term_string"}],"inLanguage":"fr-FR"},{"@type":"Organization","@id":"https:\/\/ongadesco.org\/fr\/#organization","name":"ONG Adesco","url":"https:\/\/ongadesco.org\/fr\/","logo":{"@type":"ImageObject","inLanguage":"fr-FR","@id":"https:\/\/ongadesco.org\/fr\/#\/schema\/logo\/image\/","url":"https:\/\/ongadesco.org\/fr\/wp-content\/uploads\/2022\/12\/logo2.png","contentUrl":"https:\/\/ongadesco.org\/fr\/wp-content\/uploads\/2022\/12\/logo2.png","width":134,"height":45,"caption":"ONG Adesco"},"image":{"@id":"https:\/\/ongadesco.org\/fr\/#\/schema\/logo\/image\/"},"sameAs":["https:\/\/web.whatsapp.com\/","https:\/\/whatsapp.com\/","https:\/\/facebook.com\/adescosantedeveloppement","https:\/\/twitter.com\/ongadesco"]}]}},"_links":{"self":[{"href":"https:\/\/ongadesco.org\/fr\/wp-json\/wp\/v2\/pages\/63","targetHints":{"allow":["GET"]}}],"collection":[{"href":"https:\/\/ongadesco.org\/fr\/wp-json\/wp\/v2\/pages"}],"about":[{"href":"https:\/\/ongadesco.org\/fr\/wp-json\/wp\/v2\/types\/page"}],"author":[{"embeddable":true,"href":"https:\/\/ongadesco.org\/fr\/wp-json\/wp\/v2\/users\/1"}],"replies":[{"embeddable":true,"href":"https:\/\/ongadesco.org\/fr\/wp-json\/wp\/v2\/comments?post=63"}],"version-history":[{"count":2,"href":"https:\/\/ongadesco.org\/fr\/wp-json\/wp\/v2\/pages\/63\/revisions"}],"predecessor-version":[{"id":349,"href":"https:\/\/ongadesco.org\/fr\/wp-json\/wp\/v2\/pages\/63\/revisions\/349"}],"wp:attachment":[{"href":"https:\/\/ongadesco.org\/fr\/wp-json\/wp\/v2\/media?parent=63"}],"curies":[{"name":"wp","href":"https:\/\/api.w.org\/{rel}","templated":true}]}}