{"id":65,"date":"2022-12-13T17:33:13","date_gmt":"2022-12-13T16:33:13","guid":{"rendered":"https:\/\/ongadesco.org\/fr\/?page_id=65"},"modified":"2022-12-15T14:34:49","modified_gmt":"2022-12-15T13:34:49","slug":"axes-strategiques","status":"publish","type":"page","link":"https:\/\/ongadesco.org\/fr\/axes-strategiques\/","title":{"rendered":"Axes strat\u00e9giques"},"content":{"rendered":"\n<p>La mise en \u0153uvre du Plan strat\u00e9gique 2021-2025 de l\u2019ONG\/ADESCO repose sur les axes strat\u00e9giques suivants&nbsp;:<\/p>\n\n\n\n<p><strong>Axe 1&nbsp;: Promotion de la sant\u00e9, des droits sexuels et de la reproduction (SDSR) pour tous<\/strong><\/p>\n\n\n\n<p><strong>Axe 2&nbsp;: Pr\u00e9vention et prise en charge des maladies tropicales n\u00e9glig\u00e9es (MTN), des maladies non transmissibles (MNT) et autres maladies transmissibles<\/strong><\/p>\n\n\n\n<p><strong>Axe 3 : Promotion des meilleures pratiques en sant\u00e9, nutrition et alimentation dans les localit\u00e9s vuln\u00e9rables<\/strong><\/p>\n\n\n\n<p><strong>Axe 4 : <\/strong><strong>Renforcement des actions sur la gestion des risques et catastrophes et adaptation aux changements climatiques&nbsp;<\/strong><\/p>\n\n\n\n<p><strong>Axe 5 : D\u00e9veloppement institutionnel et renforcement organisationnel<\/strong><\/p>\n","protected":false},"excerpt":{"rendered":"<p>La mise en \u0153uvre du Plan strat\u00e9gique 2021-2025 de l\u2019ONG\/ADESCO repose sur les axes strat\u00e9giques suivants&nbsp;: Axe 1&nbsp;: Promotion de la sant\u00e9, des droits sexuels et de la reproduction (SDSR) pour tous Axe 2&nbsp;: Pr\u00e9vention et prise en charge des maladies tropicales n\u00e9glig\u00e9es (MTN), des maladies non transmissibles (MNT) et autres maladies transmissibles Axe 3 [&hellip;]<\/p>\n","protected":false},"author":1,"featured_media":0,"parent":0,"menu_order":0,"comment_status":"closed","ping_status":"closed","template":"","meta":{"footnotes":""},"class_list":["post-65","page","type-page","status-publish","hentry"],"yoast_head":"<!-- This site is optimized with the Yoast SEO plugin v19.14 - https:\/\/yoast.com\/wordpress\/plugins\/seo\/ -->\n<title>Axes strat\u00e9giques - ONG Adesco<\/title>\n<meta name=\"robots\" content=\"index, follow, max-snippet:-1, max-image-preview:large, max-video-preview:-1\" \/>\n<link rel=\"canonical\" href=\"https:\/\/ongadesco.org\/fr\/axes-strategiques\/\" \/>\n<meta property=\"og:locale\" content=\"fr_FR\" \/>\n<meta property=\"og:type\" content=\"article\" \/>\n<meta property=\"og:title\" content=\"Axes strat\u00e9giques - ONG Adesco\" \/>\n<meta property=\"og:description\" content=\"La mise en \u0153uvre du Plan strat\u00e9gique 2021-2025 de l\u2019ONG\/ADESCO repose sur les axes strat\u00e9giques suivants&nbsp;: Axe 1&nbsp;: Promotion de la sant\u00e9, des droits sexuels et de la reproduction (SDSR) pour tous Axe 2&nbsp;: Pr\u00e9vention et prise en charge des maladies tropicales n\u00e9glig\u00e9es (MTN), des maladies non transmissibles (MNT) et autres maladies transmissibles Axe 3 [&hellip;]\" \/>\n<meta property=\"og:url\" content=\"https:\/\/ongadesco.org\/fr\/axes-strategiques\/\" \/>\n<meta property=\"og:site_name\" content=\"ONG Adesco\" \/>\n<meta property=\"article:publisher\" content=\"https:\/\/facebook.com\/adescosantedeveloppement\" \/>\n<meta property=\"article:modified_time\" content=\"2022-12-15T13:34:49+00:00\" \/>\n<meta name=\"twitter:card\" content=\"summary_large_image\" \/>\n<meta name=\"twitter:site\" content=\"@ongadesco\" \/>\n<meta name=\"twitter:label1\" content=\"Dur\u00e9e de lecture estim\u00e9e\" \/>\n\t<meta name=\"twitter:data1\" content=\"1 minute\" \/>\n<script type=\"application\/ld+json\" class=\"yoast-schema-graph\">{\"@context\":\"https:\/\/schema.org\",\"@graph\":[{\"@type\":\"WebPage\",\"@id\":\"https:\/\/ongadesco.org\/fr\/axes-strategiques\/\",\"url\":\"https:\/\/ongadesco.org\/fr\/axes-strategiques\/\",\"name\":\"Axes strat\u00e9giques - ONG Adesco\",\"isPartOf\":{\"@id\":\"https:\/\/ongadesco.org\/fr\/#website\"},\"datePublished\":\"2022-12-13T16:33:13+00:00\",\"dateModified\":\"2022-12-15T13:34:49+00:00\",\"breadcrumb\":{\"@id\":\"https:\/\/ongadesco.org\/fr\/axes-strategiques\/#breadcrumb\"},\"inLanguage\":\"fr-FR\",\"potentialAction\":[{\"@type\":\"ReadAction\",\"target\":[\"https:\/\/ongadesco.org\/fr\/axes-strategiques\/\"]}]},{\"@type\":\"BreadcrumbList\",\"@id\":\"https:\/\/ongadesco.org\/fr\/axes-strategiques\/#breadcrumb\",\"itemListElement\":[{\"@type\":\"ListItem\",\"position\":1,\"name\":\"Accueil\",\"item\":\"https:\/\/ongadesco.org\/fr\/\"},{\"@type\":\"ListItem\",\"position\":2,\"name\":\"Axes strat\u00e9giques\"}]},{\"@type\":\"WebSite\",\"@id\":\"https:\/\/ongadesco.org\/fr\/#website\",\"url\":\"https:\/\/ongadesco.org\/fr\/\",\"name\":\"ONG Adesco\",\"description\":\"\",\"publisher\":{\"@id\":\"https:\/\/ongadesco.org\/fr\/#organization\"},\"potentialAction\":[{\"@type\":\"SearchAction\",\"target\":{\"@type\":\"EntryPoint\",\"urlTemplate\":\"https:\/\/ongadesco.org\/fr\/?s={search_term_string}\"},\"query-input\":\"required name=search_term_string\"}],\"inLanguage\":\"fr-FR\"},{\"@type\":\"Organization\",\"@id\":\"https:\/\/ongadesco.org\/fr\/#organization\",\"name\":\"ONG Adesco\",\"url\":\"https:\/\/ongadesco.org\/fr\/\",\"logo\":{\"@type\":\"ImageObject\",\"inLanguage\":\"fr-FR\",\"@id\":\"https:\/\/ongadesco.org\/fr\/#\/schema\/logo\/image\/\",\"url\":\"https:\/\/ongadesco.org\/fr\/wp-content\/uploads\/2022\/12\/logo2.png\",\"contentUrl\":\"https:\/\/ongadesco.org\/fr\/wp-content\/uploads\/2022\/12\/logo2.png\",\"width\":134,\"height\":45,\"caption\":\"ONG Adesco\"},\"image\":{\"@id\":\"https:\/\/ongadesco.org\/fr\/#\/schema\/logo\/image\/\"},\"sameAs\":[\"https:\/\/web.whatsapp.com\/\",\"https:\/\/whatsapp.com\/\",\"https:\/\/facebook.com\/adescosantedeveloppement\",\"https:\/\/twitter.com\/ongadesco\"]}]}<\/script>\n<!-- \/ Yoast SEO plugin. -->","yoast_head_json":{"title":"Axes strat\u00e9giques - ONG Adesco","robots":{"index":"index","follow":"follow","max-snippet":"max-snippet:-1","max-image-preview":"max-image-preview:large","max-video-preview":"max-video-preview:-1"},"canonical":"https:\/\/ongadesco.org\/fr\/axes-strategiques\/","og_locale":"fr_FR","og_type":"article","og_title":"Axes strat\u00e9giques - ONG Adesco","og_description":"La mise en \u0153uvre du Plan strat\u00e9gique 2021-2025 de l\u2019ONG\/ADESCO repose sur les axes strat\u00e9giques suivants&nbsp;: Axe 1&nbsp;: Promotion de la sant\u00e9, des droits sexuels et de la reproduction (SDSR) pour tous Axe 2&nbsp;: Pr\u00e9vention et prise en charge des maladies tropicales n\u00e9glig\u00e9es (MTN), des maladies non transmissibles (MNT) et autres maladies transmissibles Axe 3 [&hellip;]","og_url":"https:\/\/ongadesco.org\/fr\/axes-strategiques\/","og_site_name":"ONG Adesco","article_publisher":"https:\/\/facebook.com\/adescosantedeveloppement","article_modified_time":"2022-12-15T13:34:49+00:00","twitter_card":"summary_large_image","twitter_site":"@ongadesco","twitter_misc":{"Dur\u00e9e de lecture estim\u00e9e":"1 minute"},"schema":{"@context":"https:\/\/schema.org","@graph":[{"@type":"WebPage","@id":"https:\/\/ongadesco.org\/fr\/axes-strategiques\/","url":"https:\/\/ongadesco.org\/fr\/axes-strategiques\/","name":"Axes strat\u00e9giques - ONG Adesco","isPartOf":{"@id":"https:\/\/ongadesco.org\/fr\/#website"},"datePublished":"2022-12-13T16:33:13+00:00","dateModified":"2022-12-15T13:34:49+00:00","breadcrumb":{"@id":"https:\/\/ongadesco.org\/fr\/axes-strategiques\/#breadcrumb"},"inLanguage":"fr-FR","potentialAction":[{"@type":"ReadAction","target":["https:\/\/ongadesco.org\/fr\/axes-strategiques\/"]}]},{"@type":"BreadcrumbList","@id":"https:\/\/ongadesco.org\/fr\/axes-strategiques\/#breadcrumb","itemListElement":[{"@type":"ListItem","position":1,"name":"Accueil","item":"https:\/\/ongadesco.org\/fr\/"},{"@type":"ListItem","position":2,"name":"Axes strat\u00e9giques"}]},{"@type":"WebSite","@id":"https:\/\/ongadesco.org\/fr\/#website","url":"https:\/\/ongadesco.org\/fr\/","name":"ONG Adesco","description":"","publisher":{"@id":"https:\/\/ongadesco.org\/fr\/#organization"},"potentialAction":[{"@type":"SearchAction","target":{"@type":"EntryPoint","urlTemplate":"https:\/\/ongadesco.org\/fr\/?s={search_term_string}"},"query-input":"required name=search_term_string"}],"inLanguage":"fr-FR"},{"@type":"Organization","@id":"https:\/\/ongadesco.org\/fr\/#organization","name":"ONG Adesco","url":"https:\/\/ongadesco.org\/fr\/","logo":{"@type":"ImageObject","inLanguage":"fr-FR","@id":"https:\/\/ongadesco.org\/fr\/#\/schema\/logo\/image\/","url":"https:\/\/ongadesco.org\/fr\/wp-content\/uploads\/2022\/12\/logo2.png","contentUrl":"https:\/\/ongadesco.org\/fr\/wp-content\/uploads\/2022\/12\/logo2.png","width":134,"height":45,"caption":"ONG Adesco"},"image":{"@id":"https:\/\/ongadesco.org\/fr\/#\/schema\/logo\/image\/"},"sameAs":["https:\/\/web.whatsapp.com\/","https:\/\/whatsapp.com\/","https:\/\/facebook.com\/adescosantedeveloppement","https:\/\/twitter.com\/ongadesco"]}]}},"_links":{"self":[{"href":"https:\/\/ongadesco.org\/fr\/wp-json\/wp\/v2\/pages\/65","targetHints":{"allow":["GET"]}}],"collection":[{"href":"https:\/\/ongadesco.org\/fr\/wp-json\/wp\/v2\/pages"}],"about":[{"href":"https:\/\/ongadesco.org\/fr\/wp-json\/wp\/v2\/types\/page"}],"author":[{"embeddable":true,"href":"https:\/\/ongadesco.org\/fr\/wp-json\/wp\/v2\/users\/1"}],"replies":[{"embeddable":true,"href":"https:\/\/ongadesco.org\/fr\/wp-json\/wp\/v2\/comments?post=65"}],"version-history":[{"count":2,"href":"https:\/\/ongadesco.org\/fr\/wp-json\/wp\/v2\/pages\/65\/revisions"}],"predecessor-version":[{"id":350,"href":"https:\/\/ongadesco.org\/fr\/wp-json\/wp\/v2\/pages\/65\/revisions\/350"}],"wp:attachment":[{"href":"https:\/\/ongadesco.org\/fr\/wp-json\/wp\/v2\/media?parent=65"}],"curies":[{"name":"wp","href":"https:\/\/api.w.org\/{rel}","templated":true}]}}