{"id":71,"date":"2022-12-13T17:34:06","date_gmt":"2022-12-13T16:34:06","guid":{"rendered":"https:\/\/ongadesco.org\/fr\/?page_id=71"},"modified":"2022-12-15T14:37:56","modified_gmt":"2022-12-15T13:37:56","slug":"status-et-agrements","status":"publish","type":"page","link":"https:\/\/ongadesco.org\/fr\/status-et-agrements\/","title":{"rendered":"Status et agr\u00e9ments"},"content":{"rendered":"\n<h1 class=\"wp-block-heading\"><a href=\"http:\/\/ongadesco.org\/admin\/wp-content\/uploads\/2022\/04\/Politique-de-protection.pdf\" target=\"_blank\" rel=\"noreferrer noopener\">Politique de protection<\/a><\/h1>\n\n\n\n<p><a href=\"http:\/\/ongadesco.org\/admin\/wp-content\/uploads\/2022\/04\/Recipisse-de-Declaration-dAssociation.pdf\" target=\"_blank\" rel=\"noreferrer noopener\"><strong>R\u00e9cipiss\u00e9 de D\u00e9claration dAssociation<\/strong><\/a><\/p>\n\n\n\n<p><strong><a href=\"http:\/\/ongadesco.org\/admin\/wp-content\/uploads\/2022\/04\/Statuts.pdf\" target=\"_blank\" rel=\"noreferrer noopener\">Statuts<\/a><\/strong><\/p>\n\n\n\n<p><a href=\"http:\/\/ongadesco.org\/admin\/wp-content\/uploads\/2022\/04\/Accord-Programme-ADESCO.pdf\" target=\"_blank\" rel=\"noreferrer noopener\"><strong>Accord Programme ADESCO<\/strong><\/a><\/p>\n\n\n\n<p><\/p>\n","protected":false},"excerpt":{"rendered":"<p>Politique de protection R\u00e9cipiss\u00e9 de D\u00e9claration dAssociation Statuts Accord Programme ADESCO<\/p>\n","protected":false},"author":1,"featured_media":0,"parent":0,"menu_order":0,"comment_status":"closed","ping_status":"closed","template":"","meta":{"footnotes":""},"class_list":["post-71","page","type-page","status-publish","hentry"],"yoast_head":"<!-- This site is optimized with the Yoast SEO plugin v19.14 - https:\/\/yoast.com\/wordpress\/plugins\/seo\/ -->\n<title>Status et agr\u00e9ments - ONG Adesco<\/title>\n<meta name=\"robots\" content=\"index, follow, max-snippet:-1, max-image-preview:large, max-video-preview:-1\" \/>\n<link rel=\"canonical\" href=\"https:\/\/ongadesco.org\/fr\/status-et-agrements\/\" \/>\n<meta property=\"og:locale\" content=\"fr_FR\" \/>\n<meta property=\"og:type\" content=\"article\" \/>\n<meta property=\"og:title\" content=\"Status et agr\u00e9ments - ONG Adesco\" \/>\n<meta property=\"og:description\" content=\"Politique de protection R\u00e9cipiss\u00e9 de D\u00e9claration dAssociation Statuts Accord Programme ADESCO\" \/>\n<meta property=\"og:url\" content=\"https:\/\/ongadesco.org\/fr\/status-et-agrements\/\" \/>\n<meta property=\"og:site_name\" content=\"ONG Adesco\" \/>\n<meta property=\"article:publisher\" content=\"https:\/\/facebook.com\/adescosantedeveloppement\" \/>\n<meta property=\"article:modified_time\" content=\"2022-12-15T13:37:56+00:00\" \/>\n<meta name=\"twitter:card\" content=\"summary_large_image\" \/>\n<meta name=\"twitter:site\" content=\"@ongadesco\" \/>\n<script type=\"application\/ld+json\" class=\"yoast-schema-graph\">{\"@context\":\"https:\/\/schema.org\",\"@graph\":[{\"@type\":\"WebPage\",\"@id\":\"https:\/\/ongadesco.org\/fr\/status-et-agrements\/\",\"url\":\"https:\/\/ongadesco.org\/fr\/status-et-agrements\/\",\"name\":\"Status et agr\u00e9ments - ONG Adesco\",\"isPartOf\":{\"@id\":\"https:\/\/ongadesco.org\/fr\/#website\"},\"datePublished\":\"2022-12-13T16:34:06+00:00\",\"dateModified\":\"2022-12-15T13:37:56+00:00\",\"breadcrumb\":{\"@id\":\"https:\/\/ongadesco.org\/fr\/status-et-agrements\/#breadcrumb\"},\"inLanguage\":\"fr-FR\",\"potentialAction\":[{\"@type\":\"ReadAction\",\"target\":[\"https:\/\/ongadesco.org\/fr\/status-et-agrements\/\"]}]},{\"@type\":\"BreadcrumbList\",\"@id\":\"https:\/\/ongadesco.org\/fr\/status-et-agrements\/#breadcrumb\",\"itemListElement\":[{\"@type\":\"ListItem\",\"position\":1,\"name\":\"Accueil\",\"item\":\"https:\/\/ongadesco.org\/fr\/\"},{\"@type\":\"ListItem\",\"position\":2,\"name\":\"Status et agr\u00e9ments\"}]},{\"@type\":\"WebSite\",\"@id\":\"https:\/\/ongadesco.org\/fr\/#website\",\"url\":\"https:\/\/ongadesco.org\/fr\/\",\"name\":\"ONG Adesco\",\"description\":\"\",\"publisher\":{\"@id\":\"https:\/\/ongadesco.org\/fr\/#organization\"},\"potentialAction\":[{\"@type\":\"SearchAction\",\"target\":{\"@type\":\"EntryPoint\",\"urlTemplate\":\"https:\/\/ongadesco.org\/fr\/?s={search_term_string}\"},\"query-input\":\"required name=search_term_string\"}],\"inLanguage\":\"fr-FR\"},{\"@type\":\"Organization\",\"@id\":\"https:\/\/ongadesco.org\/fr\/#organization\",\"name\":\"ONG Adesco\",\"url\":\"https:\/\/ongadesco.org\/fr\/\",\"logo\":{\"@type\":\"ImageObject\",\"inLanguage\":\"fr-FR\",\"@id\":\"https:\/\/ongadesco.org\/fr\/#\/schema\/logo\/image\/\",\"url\":\"https:\/\/ongadesco.org\/fr\/wp-content\/uploads\/2022\/12\/logo2.png\",\"contentUrl\":\"https:\/\/ongadesco.org\/fr\/wp-content\/uploads\/2022\/12\/logo2.png\",\"width\":134,\"height\":45,\"caption\":\"ONG Adesco\"},\"image\":{\"@id\":\"https:\/\/ongadesco.org\/fr\/#\/schema\/logo\/image\/\"},\"sameAs\":[\"https:\/\/web.whatsapp.com\/\",\"https:\/\/whatsapp.com\/\",\"https:\/\/facebook.com\/adescosantedeveloppement\",\"https:\/\/twitter.com\/ongadesco\"]}]}<\/script>\n<!-- \/ Yoast SEO plugin. -->","yoast_head_json":{"title":"Status et agr\u00e9ments - ONG Adesco","robots":{"index":"index","follow":"follow","max-snippet":"max-snippet:-1","max-image-preview":"max-image-preview:large","max-video-preview":"max-video-preview:-1"},"canonical":"https:\/\/ongadesco.org\/fr\/status-et-agrements\/","og_locale":"fr_FR","og_type":"article","og_title":"Status et agr\u00e9ments - ONG Adesco","og_description":"Politique de protection R\u00e9cipiss\u00e9 de D\u00e9claration dAssociation Statuts Accord Programme ADESCO","og_url":"https:\/\/ongadesco.org\/fr\/status-et-agrements\/","og_site_name":"ONG Adesco","article_publisher":"https:\/\/facebook.com\/adescosantedeveloppement","article_modified_time":"2022-12-15T13:37:56+00:00","twitter_card":"summary_large_image","twitter_site":"@ongadesco","schema":{"@context":"https:\/\/schema.org","@graph":[{"@type":"WebPage","@id":"https:\/\/ongadesco.org\/fr\/status-et-agrements\/","url":"https:\/\/ongadesco.org\/fr\/status-et-agrements\/","name":"Status et agr\u00e9ments - ONG Adesco","isPartOf":{"@id":"https:\/\/ongadesco.org\/fr\/#website"},"datePublished":"2022-12-13T16:34:06+00:00","dateModified":"2022-12-15T13:37:56+00:00","breadcrumb":{"@id":"https:\/\/ongadesco.org\/fr\/status-et-agrements\/#breadcrumb"},"inLanguage":"fr-FR","potentialAction":[{"@type":"ReadAction","target":["https:\/\/ongadesco.org\/fr\/status-et-agrements\/"]}]},{"@type":"BreadcrumbList","@id":"https:\/\/ongadesco.org\/fr\/status-et-agrements\/#breadcrumb","itemListElement":[{"@type":"ListItem","position":1,"name":"Accueil","item":"https:\/\/ongadesco.org\/fr\/"},{"@type":"ListItem","position":2,"name":"Status et agr\u00e9ments"}]},{"@type":"WebSite","@id":"https:\/\/ongadesco.org\/fr\/#website","url":"https:\/\/ongadesco.org\/fr\/","name":"ONG Adesco","description":"","publisher":{"@id":"https:\/\/ongadesco.org\/fr\/#organization"},"potentialAction":[{"@type":"SearchAction","target":{"@type":"EntryPoint","urlTemplate":"https:\/\/ongadesco.org\/fr\/?s={search_term_string}"},"query-input":"required name=search_term_string"}],"inLanguage":"fr-FR"},{"@type":"Organization","@id":"https:\/\/ongadesco.org\/fr\/#organization","name":"ONG Adesco","url":"https:\/\/ongadesco.org\/fr\/","logo":{"@type":"ImageObject","inLanguage":"fr-FR","@id":"https:\/\/ongadesco.org\/fr\/#\/schema\/logo\/image\/","url":"https:\/\/ongadesco.org\/fr\/wp-content\/uploads\/2022\/12\/logo2.png","contentUrl":"https:\/\/ongadesco.org\/fr\/wp-content\/uploads\/2022\/12\/logo2.png","width":134,"height":45,"caption":"ONG Adesco"},"image":{"@id":"https:\/\/ongadesco.org\/fr\/#\/schema\/logo\/image\/"},"sameAs":["https:\/\/web.whatsapp.com\/","https:\/\/whatsapp.com\/","https:\/\/facebook.com\/adescosantedeveloppement","https:\/\/twitter.com\/ongadesco"]}]}},"_links":{"self":[{"href":"https:\/\/ongadesco.org\/fr\/wp-json\/wp\/v2\/pages\/71","targetHints":{"allow":["GET"]}}],"collection":[{"href":"https:\/\/ongadesco.org\/fr\/wp-json\/wp\/v2\/pages"}],"about":[{"href":"https:\/\/ongadesco.org\/fr\/wp-json\/wp\/v2\/types\/page"}],"author":[{"embeddable":true,"href":"https:\/\/ongadesco.org\/fr\/wp-json\/wp\/v2\/users\/1"}],"replies":[{"embeddable":true,"href":"https:\/\/ongadesco.org\/fr\/wp-json\/wp\/v2\/comments?post=71"}],"version-history":[{"count":2,"href":"https:\/\/ongadesco.org\/fr\/wp-json\/wp\/v2\/pages\/71\/revisions"}],"predecessor-version":[{"id":355,"href":"https:\/\/ongadesco.org\/fr\/wp-json\/wp\/v2\/pages\/71\/revisions\/355"}],"wp:attachment":[{"href":"https:\/\/ongadesco.org\/fr\/wp-json\/wp\/v2\/media?parent=71"}],"curies":[{"name":"wp","href":"https:\/\/api.w.org\/{rel}","templated":true}]}}