{"id":93,"date":"2022-12-13T17:50:22","date_gmt":"2022-12-13T16:50:22","guid":{"rendered":"https:\/\/ongadesco.org\/fr\/?page_id=93"},"modified":"2025-12-10T03:54:49","modified_gmt":"2025-12-10T02:54:49","slug":"qui-sommes-nous","status":"publish","type":"page","link":"https:\/\/ongadesco.org\/fr\/qui-sommes-nous\/","title":{"rendered":"Qui sommes-nous ?"},"content":{"rendered":"\n<p><strong>ADESCO<\/strong>, une ONG \u00e0 but non lucratif, \u0153uvre depuis plus de 20 ans avec l\u2019appui de ses partenaires pour que les personnes vuln\u00e9rables et marginalis\u00e9es aussi bien en milieu rural et urbain puissent jouir de leurs droits et aient acc\u00e8s aux soins et services de sant\u00e9 de base. Elle est devenue aujourd\u2019hui, une organisation qui dispose d\u2019une expertise av\u00e9r\u00e9e dans le domaine de la Sant\u00e9 Communautaire et du D\u00e9veloppement et jouit d\u2019un r\u00e9el ancrage communautaire.<\/p>\n\n\n\n<p>Le travail humanitaire et de d\u00e9veloppement s\u2019inscrivent dans des environnements de plus en plus complexes avec un nombr \/e croissant d\u2019individus dans le besoin. Les ressources ne sont pas suffisantes pour r\u00e9pondre aux besoins et les PTF ont besoin de r\u00e9sultats mesurables, de responsabilisation, et d\u2019indicateurs de rendement et d\u2019efficacit\u00e9 en mati\u00e8re d\u2019interventions de projet. Ces tendances incitent notre organisation \u00e0 am\u00e9liorer ses performances afin de fonctionner de fa\u00e7on plus efficace et avec un rendement optimal.<\/p>\n\n\n\n<p>C\u2019est pour \u00e7a qu\u2019<strong>ADESCO<\/strong>\u00a0s\u2019est inscrit dans la recherche de l\u2019excellence et du professionnalisme qui nous a permis de r\u00e9aliser les activit\u00e9s de 2016. Nous saisissons cette occasion pour remercier l\u2019Etat Togolais et les PTF pour la confiance et leurs appuis qui ont permis \u00e0<strong>ADESCO<\/strong>\u00a0de r\u00e9pondre au mieux aux besoins des populations pauvres et marginalis\u00e9es.<\/p>\n\n\n\n<p>Nous esp\u00e9rons au vu des besoins croissants des populations que notre organisation continuera \u00e0 b\u00e9n\u00e9ficier de votre confiance et de vos appuis.<\/p>\n","protected":false},"excerpt":{"rendered":"<p>ADESCO, une ONG \u00e0 but non lucratif, \u0153uvre depuis plus de 20 ans avec l\u2019appui de ses partenaires pour que les personnes vuln\u00e9rables et marginalis\u00e9es aussi bien en milieu rural et urbain puissent jouir de leurs droits et aient acc\u00e8s aux soins et services de sant\u00e9 de base. Elle est devenue aujourd\u2019hui, une organisation qui [&hellip;]<\/p>\n","protected":false},"author":1,"featured_media":0,"parent":0,"menu_order":0,"comment_status":"closed","ping_status":"closed","template":"","meta":{"footnotes":""},"class_list":["post-93","page","type-page","status-publish","hentry"],"yoast_head":"<!-- This site is optimized with the Yoast SEO plugin v19.14 - https:\/\/yoast.com\/wordpress\/plugins\/seo\/ -->\n<title>Qui sommes-nous ? - ONG Adesco<\/title>\n<meta name=\"robots\" content=\"index, follow, max-snippet:-1, max-image-preview:large, max-video-preview:-1\" \/>\n<link rel=\"canonical\" href=\"https:\/\/ongadesco.org\/fr\/qui-sommes-nous\/\" \/>\n<meta property=\"og:locale\" content=\"fr_FR\" \/>\n<meta property=\"og:type\" content=\"article\" \/>\n<meta property=\"og:title\" content=\"Qui sommes-nous ? - ONG Adesco\" \/>\n<meta property=\"og:description\" content=\"ADESCO, une ONG \u00e0 but non lucratif, \u0153uvre depuis plus de 20 ans avec l\u2019appui de ses partenaires pour que les personnes vuln\u00e9rables et marginalis\u00e9es aussi bien en milieu rural et urbain puissent jouir de leurs droits et aient acc\u00e8s aux soins et services de sant\u00e9 de base. Elle est devenue aujourd\u2019hui, une organisation qui [&hellip;]\" \/>\n<meta property=\"og:url\" content=\"https:\/\/ongadesco.org\/fr\/qui-sommes-nous\/\" \/>\n<meta property=\"og:site_name\" content=\"ONG Adesco\" \/>\n<meta property=\"article:publisher\" content=\"https:\/\/facebook.com\/adescosantedeveloppement\" \/>\n<meta property=\"article:modified_time\" content=\"2025-12-10T02:54:49+00:00\" \/>\n<meta name=\"twitter:card\" content=\"summary_large_image\" \/>\n<meta name=\"twitter:site\" content=\"@ongadesco\" \/>\n<meta name=\"twitter:label1\" content=\"Dur\u00e9e de lecture estim\u00e9e\" \/>\n\t<meta name=\"twitter:data1\" content=\"2 minutes\" \/>\n<script type=\"application\/ld+json\" class=\"yoast-schema-graph\">{\"@context\":\"https:\/\/schema.org\",\"@graph\":[{\"@type\":\"WebPage\",\"@id\":\"https:\/\/ongadesco.org\/fr\/qui-sommes-nous\/\",\"url\":\"https:\/\/ongadesco.org\/fr\/qui-sommes-nous\/\",\"name\":\"Qui sommes-nous ? - ONG Adesco\",\"isPartOf\":{\"@id\":\"https:\/\/ongadesco.org\/fr\/#website\"},\"datePublished\":\"2022-12-13T16:50:22+00:00\",\"dateModified\":\"2025-12-10T02:54:49+00:00\",\"breadcrumb\":{\"@id\":\"https:\/\/ongadesco.org\/fr\/qui-sommes-nous\/#breadcrumb\"},\"inLanguage\":\"fr-FR\",\"potentialAction\":[{\"@type\":\"ReadAction\",\"target\":[\"https:\/\/ongadesco.org\/fr\/qui-sommes-nous\/\"]}]},{\"@type\":\"BreadcrumbList\",\"@id\":\"https:\/\/ongadesco.org\/fr\/qui-sommes-nous\/#breadcrumb\",\"itemListElement\":[{\"@type\":\"ListItem\",\"position\":1,\"name\":\"Accueil\",\"item\":\"https:\/\/ongadesco.org\/fr\/\"},{\"@type\":\"ListItem\",\"position\":2,\"name\":\"Qui sommes-nous ?\"}]},{\"@type\":\"WebSite\",\"@id\":\"https:\/\/ongadesco.org\/fr\/#website\",\"url\":\"https:\/\/ongadesco.org\/fr\/\",\"name\":\"ONG Adesco\",\"description\":\"\",\"publisher\":{\"@id\":\"https:\/\/ongadesco.org\/fr\/#organization\"},\"potentialAction\":[{\"@type\":\"SearchAction\",\"target\":{\"@type\":\"EntryPoint\",\"urlTemplate\":\"https:\/\/ongadesco.org\/fr\/?s={search_term_string}\"},\"query-input\":\"required name=search_term_string\"}],\"inLanguage\":\"fr-FR\"},{\"@type\":\"Organization\",\"@id\":\"https:\/\/ongadesco.org\/fr\/#organization\",\"name\":\"ONG Adesco\",\"url\":\"https:\/\/ongadesco.org\/fr\/\",\"logo\":{\"@type\":\"ImageObject\",\"inLanguage\":\"fr-FR\",\"@id\":\"https:\/\/ongadesco.org\/fr\/#\/schema\/logo\/image\/\",\"url\":\"https:\/\/ongadesco.org\/fr\/wp-content\/uploads\/2022\/12\/logo2.png\",\"contentUrl\":\"https:\/\/ongadesco.org\/fr\/wp-content\/uploads\/2022\/12\/logo2.png\",\"width\":134,\"height\":45,\"caption\":\"ONG Adesco\"},\"image\":{\"@id\":\"https:\/\/ongadesco.org\/fr\/#\/schema\/logo\/image\/\"},\"sameAs\":[\"https:\/\/web.whatsapp.com\/\",\"https:\/\/whatsapp.com\/\",\"https:\/\/facebook.com\/adescosantedeveloppement\",\"https:\/\/twitter.com\/ongadesco\"]}]}<\/script>\n<!-- \/ Yoast SEO plugin. -->","yoast_head_json":{"title":"Qui sommes-nous ? - ONG Adesco","robots":{"index":"index","follow":"follow","max-snippet":"max-snippet:-1","max-image-preview":"max-image-preview:large","max-video-preview":"max-video-preview:-1"},"canonical":"https:\/\/ongadesco.org\/fr\/qui-sommes-nous\/","og_locale":"fr_FR","og_type":"article","og_title":"Qui sommes-nous ? - ONG Adesco","og_description":"ADESCO, une ONG \u00e0 but non lucratif, \u0153uvre depuis plus de 20 ans avec l\u2019appui de ses partenaires pour que les personnes vuln\u00e9rables et marginalis\u00e9es aussi bien en milieu rural et urbain puissent jouir de leurs droits et aient acc\u00e8s aux soins et services de sant\u00e9 de base. Elle est devenue aujourd\u2019hui, une organisation qui [&hellip;]","og_url":"https:\/\/ongadesco.org\/fr\/qui-sommes-nous\/","og_site_name":"ONG Adesco","article_publisher":"https:\/\/facebook.com\/adescosantedeveloppement","article_modified_time":"2025-12-10T02:54:49+00:00","twitter_card":"summary_large_image","twitter_site":"@ongadesco","twitter_misc":{"Dur\u00e9e de lecture estim\u00e9e":"2 minutes"},"schema":{"@context":"https:\/\/schema.org","@graph":[{"@type":"WebPage","@id":"https:\/\/ongadesco.org\/fr\/qui-sommes-nous\/","url":"https:\/\/ongadesco.org\/fr\/qui-sommes-nous\/","name":"Qui sommes-nous ? - ONG Adesco","isPartOf":{"@id":"https:\/\/ongadesco.org\/fr\/#website"},"datePublished":"2022-12-13T16:50:22+00:00","dateModified":"2025-12-10T02:54:49+00:00","breadcrumb":{"@id":"https:\/\/ongadesco.org\/fr\/qui-sommes-nous\/#breadcrumb"},"inLanguage":"fr-FR","potentialAction":[{"@type":"ReadAction","target":["https:\/\/ongadesco.org\/fr\/qui-sommes-nous\/"]}]},{"@type":"BreadcrumbList","@id":"https:\/\/ongadesco.org\/fr\/qui-sommes-nous\/#breadcrumb","itemListElement":[{"@type":"ListItem","position":1,"name":"Accueil","item":"https:\/\/ongadesco.org\/fr\/"},{"@type":"ListItem","position":2,"name":"Qui sommes-nous ?"}]},{"@type":"WebSite","@id":"https:\/\/ongadesco.org\/fr\/#website","url":"https:\/\/ongadesco.org\/fr\/","name":"ONG Adesco","description":"","publisher":{"@id":"https:\/\/ongadesco.org\/fr\/#organization"},"potentialAction":[{"@type":"SearchAction","target":{"@type":"EntryPoint","urlTemplate":"https:\/\/ongadesco.org\/fr\/?s={search_term_string}"},"query-input":"required name=search_term_string"}],"inLanguage":"fr-FR"},{"@type":"Organization","@id":"https:\/\/ongadesco.org\/fr\/#organization","name":"ONG Adesco","url":"https:\/\/ongadesco.org\/fr\/","logo":{"@type":"ImageObject","inLanguage":"fr-FR","@id":"https:\/\/ongadesco.org\/fr\/#\/schema\/logo\/image\/","url":"https:\/\/ongadesco.org\/fr\/wp-content\/uploads\/2022\/12\/logo2.png","contentUrl":"https:\/\/ongadesco.org\/fr\/wp-content\/uploads\/2022\/12\/logo2.png","width":134,"height":45,"caption":"ONG Adesco"},"image":{"@id":"https:\/\/ongadesco.org\/fr\/#\/schema\/logo\/image\/"},"sameAs":["https:\/\/web.whatsapp.com\/","https:\/\/whatsapp.com\/","https:\/\/facebook.com\/adescosantedeveloppement","https:\/\/twitter.com\/ongadesco"]}]}},"_links":{"self":[{"href":"https:\/\/ongadesco.org\/fr\/wp-json\/wp\/v2\/pages\/93","targetHints":{"allow":["GET"]}}],"collection":[{"href":"https:\/\/ongadesco.org\/fr\/wp-json\/wp\/v2\/pages"}],"about":[{"href":"https:\/\/ongadesco.org\/fr\/wp-json\/wp\/v2\/types\/page"}],"author":[{"embeddable":true,"href":"https:\/\/ongadesco.org\/fr\/wp-json\/wp\/v2\/users\/1"}],"replies":[{"embeddable":true,"href":"https:\/\/ongadesco.org\/fr\/wp-json\/wp\/v2\/comments?post=93"}],"version-history":[{"count":3,"href":"https:\/\/ongadesco.org\/fr\/wp-json\/wp\/v2\/pages\/93\/revisions"}],"predecessor-version":[{"id":981,"href":"https:\/\/ongadesco.org\/fr\/wp-json\/wp\/v2\/pages\/93\/revisions\/981"}],"wp:attachment":[{"href":"https:\/\/ongadesco.org\/fr\/wp-json\/wp\/v2\/media?parent=93"}],"curies":[{"name":"wp","href":"https:\/\/api.w.org\/{rel}","templated":true}]}}